{"id":9237,"date":"2023-02-20T17:54:03","date_gmt":"2023-02-20T16:54:03","guid":{"rendered":"https:\/\/www.starcatering.at\/shop\/?post_type=product&#038;p=9237"},"modified":"2025-03-28T11:15:46","modified_gmt":"2025-03-28T10:15:46","slug":"schuessel-aps-weiss-schraeg-%e2%88%85-24cm-neuwertig","status":"publish","type":"product","link":"https:\/\/www.starcatering.at\/shop\/produkt\/schuessel-aps-weiss-schraeg-%e2%88%85-24cm-neuwertig\/","title":{"rendered":"Sch\u00fcssel APS wei\u00df schr\u00e4g \u2205 24cm (neuwertig)"},"content":{"rendered":"<p>Das Gleichgewicht von Eleganz und Funktionalit\u00e4t pr\u00e4gt das Design dieser schr\u00e4g angeschnittenen, runden Form. Dabei garantiert der charakteristische Kragen einfaches Handling und perfekte Stapelbarkeit. Mittelschwere Ausf\u00fchrung aus reinwei\u00dfem Melamin mit rutschfesten F\u00fc\u00dfen. Bruchsicher und sp\u00fclmaschinenfest, jedoch <em><strong>nicht f\u00fcr den Hei\u00dfbereich und die Mikrowelle geeignet<\/strong><\/em>.<\/p>\n","protected":false},"excerpt":{"rendered":"<table class=\"table table-striped product-detail-properties-table\">\n<tbody>\n<tr class=\"properties-row\">\n<th class=\"properties-label\" style=\"text-align: right;\">H\u00f6he au\u00dfen (mm):<\/th>\n<td class=\"properties-value\">150<\/td>\n<\/tr>\n<tr class=\"properties-row\">\n<th class=\"properties-label\" style=\"text-align: right;\">Durchmesser au\u00dfen (mm):<\/th>\n<td class=\"properties-value\">245<\/td>\n<\/tr>\n<tr class=\"properties-row\">\n<th class=\"properties-label\" style=\"text-align: right;\">Material:<\/th>\n<td class=\"properties-value\">Melamin<\/td>\n<\/tr>\n<tr class=\"properties-row\">\n<th class=\"properties-label\" style=\"text-align: right;\">Gesamtvolumen (L):<\/th>\n<td class=\"properties-value\">2.5<\/td>\n<\/tr>\n<\/tbody>\n<\/table>\n","protected":false},"featured_media":10988,"comment_status":"open","ping_status":"closed","template":"","meta":{"_et_pb_use_builder":"","_et_pb_old_content":"","_et_gb_content_width":""},"product_brand":[2483],"product_cat":[259],"product_tag":[757,441,756,1299,422,264],"class_list":{"0":"post-9237","1":"product","2":"type-product","3":"status-publish","4":"has-post-thumbnail","6":"product_brand-aps","7":"product_cat-buffetequipment","8":"product_tag-anrichten","9":"product_tag-buffet","10":"product_tag-melamin","11":"product_tag-schraeg","12":"product_tag-schuessel","13":"product_tag-weiss","15":"first","16":"instock","17":"sale","18":"taxable","19":"shipping-taxable","20":"purchasable","21":"product-type-simple"},"yoast_head":"<!-- This site is optimized with the Yoast SEO plugin v27.5 - https:\/\/yoast.com\/product\/yoast-seo-wordpress\/ -->\n<title>Sch\u00fcssel APS wei\u00df schr\u00e4g \u2205 24cm (neuwertig) &#187; StarCatering %-Shop<\/title>\n<meta name=\"description\" content=\"Sch\u00fcssel APS wei\u00df schr\u00e4g \u2205 24cm (neuwertig)\" \/>\n<meta name=\"robots\" content=\"index, follow, max-snippet:-1, max-image-preview:large, max-video-preview:-1\" \/>\n<link rel=\"canonical\" href=\"https:\/\/www.starcatering.at\/shop\/produkt\/schuessel-aps-weiss-schraeg-\u2205-24cm-neuwertig\/\" \/>\n<meta property=\"og:locale\" content=\"de_DE\" \/>\n<meta property=\"og:type\" content=\"article\" \/>\n<meta property=\"og:title\" content=\"Sch\u00fcssel APS wei\u00df schr\u00e4g \u2205 24cm (neuwertig)\" \/>\n<meta property=\"og:description\" content=\"Sch\u00fcssel APS wei\u00df schr\u00e4g \u2205 24cm (neuwertig)\" \/>\n<meta property=\"og:url\" content=\"https:\/\/www.starcatering.at\/shop\/produkt\/schuessel-aps-weiss-schraeg-\u2205-24cm-neuwertig\/\" \/>\n<meta property=\"og:site_name\" content=\"StarCatering %-Shop\" \/>\n<meta property=\"article:modified_time\" content=\"2025-03-28T10:15:46+00:00\" \/>\n<meta property=\"og:image\" content=\"https:\/\/www.starcatering.at\/shop\/wp-content\/uploads\/2023\/02\/Schuessel_APS_schraeg_24x12cm.jpg\" \/>\n\t<meta property=\"og:image:width\" content=\"500\" \/>\n\t<meta property=\"og:image:height\" content=\"500\" \/>\n\t<meta property=\"og:image:type\" content=\"image\/jpeg\" \/>\n<meta name=\"twitter:card\" content=\"summary_large_image\" \/>\n<meta name=\"twitter:title\" content=\"Sch\u00fcssel APS wei\u00df schr\u00e4g \u2205 24cm (neuwertig)\" \/>\n<meta name=\"twitter:description\" content=\"Sch\u00fcssel APS wei\u00df schr\u00e4g \u2205 24cm (neuwertig)\" \/>\n<meta name=\"twitter:image\" content=\"https:\/\/www.starcatering.at\/shop\/wp-content\/uploads\/2023\/02\/Schuessel_APS_schraeg_24x12cm.jpg\" \/>\n<meta name=\"twitter:label1\" content=\"Gesch\u00e4tzte Lesezeit\" \/>\n\t<meta name=\"twitter:data1\" content=\"1\u00a0Minute\" \/>\n<script type=\"application\/ld+json\" class=\"yoast-schema-graph\">{\"@context\":\"https:\\\/\\\/schema.org\",\"@graph\":[{\"@type\":\"WebPage\",\"@id\":\"https:\\\/\\\/www.starcatering.at\\\/shop\\\/produkt\\\/schuessel-aps-weiss-schraeg-%e2%88%85-24cm-neuwertig\\\/\",\"url\":\"https:\\\/\\\/www.starcatering.at\\\/shop\\\/produkt\\\/schuessel-aps-weiss-schraeg-%e2%88%85-24cm-neuwertig\\\/\",\"name\":\"Sch\u00fcssel APS wei\u00df schr\u00e4g \u2205 24cm (neuwertig) &#187; StarCatering %-Shop\",\"isPartOf\":{\"@id\":\"https:\\\/\\\/www.starcatering.at\\\/shop\\\/#website\"},\"primaryImageOfPage\":{\"@id\":\"https:\\\/\\\/www.starcatering.at\\\/shop\\\/produkt\\\/schuessel-aps-weiss-schraeg-%e2%88%85-24cm-neuwertig\\\/#primaryimage\"},\"image\":{\"@id\":\"https:\\\/\\\/www.starcatering.at\\\/shop\\\/produkt\\\/schuessel-aps-weiss-schraeg-%e2%88%85-24cm-neuwertig\\\/#primaryimage\"},\"thumbnailUrl\":\"https:\\\/\\\/www.starcatering.at\\\/shop\\\/wp-content\\\/uploads\\\/2023\\\/02\\\/Schuessel_APS_schraeg_24x12cm.jpg\",\"datePublished\":\"2023-02-20T16:54:03+00:00\",\"dateModified\":\"2025-03-28T10:15:46+00:00\",\"description\":\"Sch\u00fcssel APS wei\u00df schr\u00e4g \u2205 24cm (neuwertig)\",\"breadcrumb\":{\"@id\":\"https:\\\/\\\/www.starcatering.at\\\/shop\\\/produkt\\\/schuessel-aps-weiss-schraeg-%e2%88%85-24cm-neuwertig\\\/#breadcrumb\"},\"inLanguage\":\"de\",\"potentialAction\":[{\"@type\":\"ReadAction\",\"target\":[\"https:\\\/\\\/www.starcatering.at\\\/shop\\\/produkt\\\/schuessel-aps-weiss-schraeg-%e2%88%85-24cm-neuwertig\\\/\"]}]},{\"@type\":\"ImageObject\",\"inLanguage\":\"de\",\"@id\":\"https:\\\/\\\/www.starcatering.at\\\/shop\\\/produkt\\\/schuessel-aps-weiss-schraeg-%e2%88%85-24cm-neuwertig\\\/#primaryimage\",\"url\":\"https:\\\/\\\/www.starcatering.at\\\/shop\\\/wp-content\\\/uploads\\\/2023\\\/02\\\/Schuessel_APS_schraeg_24x12cm.jpg\",\"contentUrl\":\"https:\\\/\\\/www.starcatering.at\\\/shop\\\/wp-content\\\/uploads\\\/2023\\\/02\\\/Schuessel_APS_schraeg_24x12cm.jpg\",\"width\":500,\"height\":500},{\"@type\":\"BreadcrumbList\",\"@id\":\"https:\\\/\\\/www.starcatering.at\\\/shop\\\/produkt\\\/schuessel-aps-weiss-schraeg-%e2%88%85-24cm-neuwertig\\\/#breadcrumb\",\"itemListElement\":[{\"@type\":\"ListItem\",\"position\":1,\"name\":\"Startseite\",\"item\":\"https:\\\/\\\/www.starcatering.at\\\/shop\\\/\"},{\"@type\":\"ListItem\",\"position\":2,\"name\":\"Shop\",\"item\":\"https:\\\/\\\/www.starcatering.at\\\/shop\\\/shop\\\/\"},{\"@type\":\"ListItem\",\"position\":3,\"name\":\"Sch\u00fcssel APS wei\u00df schr\u00e4g \u2205 24cm (neuwertig)\"}]},{\"@type\":\"WebSite\",\"@id\":\"https:\\\/\\\/www.starcatering.at\\\/shop\\\/#website\",\"url\":\"https:\\\/\\\/www.starcatering.at\\\/shop\\\/\",\"name\":\"Carnuntum Foods\",\"description\":\"Abverkaufsartikel\",\"publisher\":{\"@id\":\"https:\\\/\\\/www.starcatering.at\\\/shop\\\/#organization\"},\"potentialAction\":[{\"@type\":\"SearchAction\",\"target\":{\"@type\":\"EntryPoint\",\"urlTemplate\":\"https:\\\/\\\/www.starcatering.at\\\/shop\\\/?s={search_term_string}\"},\"query-input\":{\"@type\":\"PropertyValueSpecification\",\"valueRequired\":true,\"valueName\":\"search_term_string\"}}],\"inLanguage\":\"de\"},{\"@type\":\"Organization\",\"@id\":\"https:\\\/\\\/www.starcatering.at\\\/shop\\\/#organization\",\"name\":\"Carnuntumfoods\",\"url\":\"https:\\\/\\\/www.starcatering.at\\\/shop\\\/\",\"logo\":{\"@type\":\"ImageObject\",\"inLanguage\":\"de\",\"@id\":\"https:\\\/\\\/www.starcatering.at\\\/shop\\\/#\\\/schema\\\/logo\\\/image\\\/\",\"url\":\"https:\\\/\\\/www.starcatering.at\\\/shop\\\/wp-content\\\/uploads\\\/2021\\\/08\\\/cropped-logo.png\",\"contentUrl\":\"https:\\\/\\\/www.starcatering.at\\\/shop\\\/wp-content\\\/uploads\\\/2021\\\/08\\\/cropped-logo.png\",\"width\":512,\"height\":512,\"caption\":\"Carnuntumfoods\"},\"image\":{\"@id\":\"https:\\\/\\\/www.starcatering.at\\\/shop\\\/#\\\/schema\\\/logo\\\/image\\\/\"}}]}<\/script>\n<!-- \/ Yoast SEO plugin. -->","yoast_head_json":{"title":"Sch\u00fcssel APS wei\u00df schr\u00e4g \u2205 24cm (neuwertig) &#187; StarCatering %-Shop","description":"Sch\u00fcssel APS wei\u00df schr\u00e4g \u2205 24cm (neuwertig)","robots":{"index":"index","follow":"follow","max-snippet":"max-snippet:-1","max-image-preview":"max-image-preview:large","max-video-preview":"max-video-preview:-1"},"canonical":"https:\/\/www.starcatering.at\/shop\/produkt\/schuessel-aps-weiss-schraeg-\u2205-24cm-neuwertig\/","og_locale":"de_DE","og_type":"article","og_title":"Sch\u00fcssel APS wei\u00df schr\u00e4g \u2205 24cm (neuwertig)","og_description":"Sch\u00fcssel APS wei\u00df schr\u00e4g \u2205 24cm (neuwertig)","og_url":"https:\/\/www.starcatering.at\/shop\/produkt\/schuessel-aps-weiss-schraeg-\u2205-24cm-neuwertig\/","og_site_name":"StarCatering %-Shop","article_modified_time":"2025-03-28T10:15:46+00:00","og_image":[{"width":500,"height":500,"url":"https:\/\/www.starcatering.at\/shop\/wp-content\/uploads\/2023\/02\/Schuessel_APS_schraeg_24x12cm.jpg","type":"image\/jpeg"}],"twitter_card":"summary_large_image","twitter_title":"Sch\u00fcssel APS wei\u00df schr\u00e4g \u2205 24cm (neuwertig)","twitter_description":"Sch\u00fcssel APS wei\u00df schr\u00e4g \u2205 24cm (neuwertig)","twitter_image":"https:\/\/www.starcatering.at\/shop\/wp-content\/uploads\/2023\/02\/Schuessel_APS_schraeg_24x12cm.jpg","twitter_misc":{"Gesch\u00e4tzte Lesezeit":"1\u00a0Minute"},"schema":{"@context":"https:\/\/schema.org","@graph":[{"@type":"WebPage","@id":"https:\/\/www.starcatering.at\/shop\/produkt\/schuessel-aps-weiss-schraeg-%e2%88%85-24cm-neuwertig\/","url":"https:\/\/www.starcatering.at\/shop\/produkt\/schuessel-aps-weiss-schraeg-%e2%88%85-24cm-neuwertig\/","name":"Sch\u00fcssel APS wei\u00df schr\u00e4g \u2205 24cm (neuwertig) &#187; StarCatering %-Shop","isPartOf":{"@id":"https:\/\/www.starcatering.at\/shop\/#website"},"primaryImageOfPage":{"@id":"https:\/\/www.starcatering.at\/shop\/produkt\/schuessel-aps-weiss-schraeg-%e2%88%85-24cm-neuwertig\/#primaryimage"},"image":{"@id":"https:\/\/www.starcatering.at\/shop\/produkt\/schuessel-aps-weiss-schraeg-%e2%88%85-24cm-neuwertig\/#primaryimage"},"thumbnailUrl":"https:\/\/www.starcatering.at\/shop\/wp-content\/uploads\/2023\/02\/Schuessel_APS_schraeg_24x12cm.jpg","datePublished":"2023-02-20T16:54:03+00:00","dateModified":"2025-03-28T10:15:46+00:00","description":"Sch\u00fcssel APS wei\u00df schr\u00e4g \u2205 24cm (neuwertig)","breadcrumb":{"@id":"https:\/\/www.starcatering.at\/shop\/produkt\/schuessel-aps-weiss-schraeg-%e2%88%85-24cm-neuwertig\/#breadcrumb"},"inLanguage":"de","potentialAction":[{"@type":"ReadAction","target":["https:\/\/www.starcatering.at\/shop\/produkt\/schuessel-aps-weiss-schraeg-%e2%88%85-24cm-neuwertig\/"]}]},{"@type":"ImageObject","inLanguage":"de","@id":"https:\/\/www.starcatering.at\/shop\/produkt\/schuessel-aps-weiss-schraeg-%e2%88%85-24cm-neuwertig\/#primaryimage","url":"https:\/\/www.starcatering.at\/shop\/wp-content\/uploads\/2023\/02\/Schuessel_APS_schraeg_24x12cm.jpg","contentUrl":"https:\/\/www.starcatering.at\/shop\/wp-content\/uploads\/2023\/02\/Schuessel_APS_schraeg_24x12cm.jpg","width":500,"height":500},{"@type":"BreadcrumbList","@id":"https:\/\/www.starcatering.at\/shop\/produkt\/schuessel-aps-weiss-schraeg-%e2%88%85-24cm-neuwertig\/#breadcrumb","itemListElement":[{"@type":"ListItem","position":1,"name":"Startseite","item":"https:\/\/www.starcatering.at\/shop\/"},{"@type":"ListItem","position":2,"name":"Shop","item":"https:\/\/www.starcatering.at\/shop\/shop\/"},{"@type":"ListItem","position":3,"name":"Sch\u00fcssel APS wei\u00df schr\u00e4g \u2205 24cm (neuwertig)"}]},{"@type":"WebSite","@id":"https:\/\/www.starcatering.at\/shop\/#website","url":"https:\/\/www.starcatering.at\/shop\/","name":"Carnuntum Foods","description":"Abverkaufsartikel","publisher":{"@id":"https:\/\/www.starcatering.at\/shop\/#organization"},"potentialAction":[{"@type":"SearchAction","target":{"@type":"EntryPoint","urlTemplate":"https:\/\/www.starcatering.at\/shop\/?s={search_term_string}"},"query-input":{"@type":"PropertyValueSpecification","valueRequired":true,"valueName":"search_term_string"}}],"inLanguage":"de"},{"@type":"Organization","@id":"https:\/\/www.starcatering.at\/shop\/#organization","name":"Carnuntumfoods","url":"https:\/\/www.starcatering.at\/shop\/","logo":{"@type":"ImageObject","inLanguage":"de","@id":"https:\/\/www.starcatering.at\/shop\/#\/schema\/logo\/image\/","url":"https:\/\/www.starcatering.at\/shop\/wp-content\/uploads\/2021\/08\/cropped-logo.png","contentUrl":"https:\/\/www.starcatering.at\/shop\/wp-content\/uploads\/2021\/08\/cropped-logo.png","width":512,"height":512,"caption":"Carnuntumfoods"},"image":{"@id":"https:\/\/www.starcatering.at\/shop\/#\/schema\/logo\/image\/"}}]}},"_links":{"self":[{"href":"https:\/\/www.starcatering.at\/shop\/wp-json\/wp\/v2\/product\/9237","targetHints":{"allow":["GET"]}}],"collection":[{"href":"https:\/\/www.starcatering.at\/shop\/wp-json\/wp\/v2\/product"}],"about":[{"href":"https:\/\/www.starcatering.at\/shop\/wp-json\/wp\/v2\/types\/product"}],"replies":[{"embeddable":true,"href":"https:\/\/www.starcatering.at\/shop\/wp-json\/wp\/v2\/comments?post=9237"}],"wp:featuredmedia":[{"embeddable":true,"href":"https:\/\/www.starcatering.at\/shop\/wp-json\/wp\/v2\/media\/10988"}],"wp:attachment":[{"href":"https:\/\/www.starcatering.at\/shop\/wp-json\/wp\/v2\/media?parent=9237"}],"wp:term":[{"taxonomy":"product_brand","embeddable":true,"href":"https:\/\/www.starcatering.at\/shop\/wp-json\/wp\/v2\/product_brand?post=9237"},{"taxonomy":"product_cat","embeddable":true,"href":"https:\/\/www.starcatering.at\/shop\/wp-json\/wp\/v2\/product_cat?post=9237"},{"taxonomy":"product_tag","embeddable":true,"href":"https:\/\/www.starcatering.at\/shop\/wp-json\/wp\/v2\/product_tag?post=9237"}],"curies":[{"name":"wp","href":"https:\/\/api.w.org\/{rel}","templated":true}]}}