{"id":9499,"date":"2023-03-12T10:53:37","date_gmt":"2023-03-12T09:53:37","guid":{"rendered":"https:\/\/www.starcatering.at\/shop\/?post_type=product&#038;p=9499"},"modified":"2025-03-28T11:09:04","modified_gmt":"2025-03-28T10:09:04","slug":"kaengabox-trolley-fuer-73x57-boxen-gebraucht","status":"publish","type":"product","link":"https:\/\/www.starcatering.at\/shop\/produkt\/kaengabox-trolley-fuer-73x57-boxen-gebraucht\/","title":{"rendered":"K\u00c4NGABOX\u00ae Trolley f\u00fcr 73x57cm Boxen (gebraucht)"},"content":{"rendered":"<p>Wagerl f\u00fcr Thermoboxen geeignet. NICHT jedoch f\u00fcr Eurokisten!<\/p>\n","protected":false},"excerpt":{"rendered":"<ul class=\"product--base-info list--unstyled\">\n<li class=\"base-info--entry entry--weight\"><strong class=\"entry--label\">Gewicht: <\/strong>4,77 <span class=\"entry--content\">kg<\/span><\/li>\n<li class=\"base-info--entry entry--dimensions\"><strong class=\"entry--label\">Ma\u00dfe: <\/strong><span class=\"entry--content\">73 cm x 57 cm x 16.5 cm (L x B x H)<\/span><\/li>\n<li><strong>gebrauchter Zustand<\/strong><\/li>\n<\/ul>\n<p>Ladefl\u00e4che 71 x 55 cm, vier Lenkrollen mit einem Durchmesser von 10 cm, verzinkte Radgeh\u00e4use und Verschraubungen, rote ABS-Ecken, Sontoprene-Rad.<\/p>\n<p><span style=\"color: #993300;\"><strong>Mengenrabatte (wenn noch verf\u00fcgbar)<\/strong><br \/>\n04-09 K\u00f6rbe &#8211; 10 %<\/span><\/p>\n","protected":false},"featured_media":9500,"comment_status":"open","ping_status":"closed","template":"","meta":{"_et_pb_use_builder":"","_et_pb_old_content":"","_et_gb_content_width":""},"product_brand":[2495],"product_cat":[242,1081],"product_tag":[1568,1569,1378,581],"class_list":{"0":"post-9499","1":"product","2":"type-product","3":"status-publish","4":"has-post-thumbnail","6":"product_brand-kaengabox","7":"product_cat-kisten-boxen-schachteln","8":"product_cat-wagen-trolley","9":"product_tag-kaengabox","10":"product_tag-transpsort","11":"product_tag-trolly","12":"product_tag-wagerl","13":"product_shipping_class-abholung","15":"first","16":"instock","17":"sale","18":"taxable","19":"shipping-taxable","20":"purchasable","21":"product-type-simple"},"yoast_head":"<!-- This site is optimized with the Yoast SEO plugin v27.5 - https:\/\/yoast.com\/product\/yoast-seo-wordpress\/ -->\n<title>K\u00c4NGABOX\u00ae Trolley f\u00fcr 73x57cm Boxen (gebraucht) &#187; StarCatering %-Shop<\/title>\n<meta name=\"description\" content=\"K\u00c4NGABOX\u00ae Trolley f\u00fcr 73x57cm Boxen (gebraucht)\" \/>\n<meta name=\"robots\" content=\"index, follow, max-snippet:-1, max-image-preview:large, max-video-preview:-1\" \/>\n<link rel=\"canonical\" href=\"https:\/\/www.starcatering.at\/shop\/produkt\/kaengabox-trolley-fuer-73x57-boxen-gebraucht\/\" \/>\n<meta property=\"og:locale\" content=\"de_DE\" \/>\n<meta property=\"og:type\" content=\"article\" \/>\n<meta property=\"og:title\" content=\"K\u00c4NGABOX\u00ae Trolley f\u00fcr 73x57 Boxen (gebraucht)\" \/>\n<meta property=\"og:description\" content=\"K\u00c4NGABOX\u00ae Trolley f\u00fcr 73x57 Boxen (gebraucht)\" \/>\n<meta property=\"og:url\" content=\"https:\/\/www.starcatering.at\/shop\/produkt\/kaengabox-trolley-fuer-73x57-boxen-gebraucht\/\" \/>\n<meta property=\"og:site_name\" content=\"StarCatering %-Shop\" \/>\n<meta property=\"article:modified_time\" content=\"2025-03-28T10:09:04+00:00\" \/>\n<meta property=\"og:image\" content=\"https:\/\/www.starcatering.at\/shop\/wp-content\/uploads\/2023\/03\/Trolly-Kaengaboxen.jpg\" \/>\n\t<meta property=\"og:image:width\" content=\"500\" \/>\n\t<meta property=\"og:image:height\" content=\"500\" \/>\n\t<meta property=\"og:image:type\" content=\"image\/jpeg\" \/>\n<meta name=\"twitter:card\" content=\"summary_large_image\" \/>\n<meta name=\"twitter:label1\" content=\"Gesch\u00e4tzte Lesezeit\" \/>\n\t<meta name=\"twitter:data1\" content=\"1\u00a0Minute\" \/>\n<script type=\"application\/ld+json\" class=\"yoast-schema-graph\">{\"@context\":\"https:\\\/\\\/schema.org\",\"@graph\":[{\"@type\":\"WebPage\",\"@id\":\"https:\\\/\\\/www.starcatering.at\\\/shop\\\/produkt\\\/kaengabox-trolley-fuer-73x57-boxen-gebraucht\\\/\",\"url\":\"https:\\\/\\\/www.starcatering.at\\\/shop\\\/produkt\\\/kaengabox-trolley-fuer-73x57-boxen-gebraucht\\\/\",\"name\":\"K\u00c4NGABOX\u00ae Trolley f\u00fcr 73x57cm Boxen (gebraucht) &#187; StarCatering %-Shop\",\"isPartOf\":{\"@id\":\"https:\\\/\\\/www.starcatering.at\\\/shop\\\/#website\"},\"primaryImageOfPage\":{\"@id\":\"https:\\\/\\\/www.starcatering.at\\\/shop\\\/produkt\\\/kaengabox-trolley-fuer-73x57-boxen-gebraucht\\\/#primaryimage\"},\"image\":{\"@id\":\"https:\\\/\\\/www.starcatering.at\\\/shop\\\/produkt\\\/kaengabox-trolley-fuer-73x57-boxen-gebraucht\\\/#primaryimage\"},\"thumbnailUrl\":\"https:\\\/\\\/www.starcatering.at\\\/shop\\\/wp-content\\\/uploads\\\/2023\\\/03\\\/Trolly-Kaengaboxen.jpg\",\"datePublished\":\"2023-03-12T09:53:37+00:00\",\"dateModified\":\"2025-03-28T10:09:04+00:00\",\"description\":\"K\u00c4NGABOX\u00ae Trolley f\u00fcr 73x57cm Boxen (gebraucht)\",\"breadcrumb\":{\"@id\":\"https:\\\/\\\/www.starcatering.at\\\/shop\\\/produkt\\\/kaengabox-trolley-fuer-73x57-boxen-gebraucht\\\/#breadcrumb\"},\"inLanguage\":\"de\",\"potentialAction\":[{\"@type\":\"ReadAction\",\"target\":[\"https:\\\/\\\/www.starcatering.at\\\/shop\\\/produkt\\\/kaengabox-trolley-fuer-73x57-boxen-gebraucht\\\/\"]}]},{\"@type\":\"ImageObject\",\"inLanguage\":\"de\",\"@id\":\"https:\\\/\\\/www.starcatering.at\\\/shop\\\/produkt\\\/kaengabox-trolley-fuer-73x57-boxen-gebraucht\\\/#primaryimage\",\"url\":\"https:\\\/\\\/www.starcatering.at\\\/shop\\\/wp-content\\\/uploads\\\/2023\\\/03\\\/Trolly-Kaengaboxen.jpg\",\"contentUrl\":\"https:\\\/\\\/www.starcatering.at\\\/shop\\\/wp-content\\\/uploads\\\/2023\\\/03\\\/Trolly-Kaengaboxen.jpg\",\"width\":500,\"height\":500},{\"@type\":\"BreadcrumbList\",\"@id\":\"https:\\\/\\\/www.starcatering.at\\\/shop\\\/produkt\\\/kaengabox-trolley-fuer-73x57-boxen-gebraucht\\\/#breadcrumb\",\"itemListElement\":[{\"@type\":\"ListItem\",\"position\":1,\"name\":\"Startseite\",\"item\":\"https:\\\/\\\/www.starcatering.at\\\/shop\\\/\"},{\"@type\":\"ListItem\",\"position\":2,\"name\":\"Shop\",\"item\":\"https:\\\/\\\/www.starcatering.at\\\/shop\\\/shop\\\/\"},{\"@type\":\"ListItem\",\"position\":3,\"name\":\"K\u00c4NGABOX\u00ae Trolley f\u00fcr 73x57cm Boxen (gebraucht)\"}]},{\"@type\":\"WebSite\",\"@id\":\"https:\\\/\\\/www.starcatering.at\\\/shop\\\/#website\",\"url\":\"https:\\\/\\\/www.starcatering.at\\\/shop\\\/\",\"name\":\"Carnuntum Foods\",\"description\":\"Abverkaufsartikel\",\"publisher\":{\"@id\":\"https:\\\/\\\/www.starcatering.at\\\/shop\\\/#organization\"},\"potentialAction\":[{\"@type\":\"SearchAction\",\"target\":{\"@type\":\"EntryPoint\",\"urlTemplate\":\"https:\\\/\\\/www.starcatering.at\\\/shop\\\/?s={search_term_string}\"},\"query-input\":{\"@type\":\"PropertyValueSpecification\",\"valueRequired\":true,\"valueName\":\"search_term_string\"}}],\"inLanguage\":\"de\"},{\"@type\":\"Organization\",\"@id\":\"https:\\\/\\\/www.starcatering.at\\\/shop\\\/#organization\",\"name\":\"Carnuntumfoods\",\"url\":\"https:\\\/\\\/www.starcatering.at\\\/shop\\\/\",\"logo\":{\"@type\":\"ImageObject\",\"inLanguage\":\"de\",\"@id\":\"https:\\\/\\\/www.starcatering.at\\\/shop\\\/#\\\/schema\\\/logo\\\/image\\\/\",\"url\":\"https:\\\/\\\/www.starcatering.at\\\/shop\\\/wp-content\\\/uploads\\\/2021\\\/08\\\/cropped-logo.png\",\"contentUrl\":\"https:\\\/\\\/www.starcatering.at\\\/shop\\\/wp-content\\\/uploads\\\/2021\\\/08\\\/cropped-logo.png\",\"width\":512,\"height\":512,\"caption\":\"Carnuntumfoods\"},\"image\":{\"@id\":\"https:\\\/\\\/www.starcatering.at\\\/shop\\\/#\\\/schema\\\/logo\\\/image\\\/\"}}]}<\/script>\n<!-- \/ Yoast SEO plugin. -->","yoast_head_json":{"title":"K\u00c4NGABOX\u00ae Trolley f\u00fcr 73x57cm Boxen (gebraucht) &#187; StarCatering %-Shop","description":"K\u00c4NGABOX\u00ae Trolley f\u00fcr 73x57cm Boxen (gebraucht)","robots":{"index":"index","follow":"follow","max-snippet":"max-snippet:-1","max-image-preview":"max-image-preview:large","max-video-preview":"max-video-preview:-1"},"canonical":"https:\/\/www.starcatering.at\/shop\/produkt\/kaengabox-trolley-fuer-73x57-boxen-gebraucht\/","og_locale":"de_DE","og_type":"article","og_title":"K\u00c4NGABOX\u00ae Trolley f\u00fcr 73x57 Boxen (gebraucht)","og_description":"K\u00c4NGABOX\u00ae Trolley f\u00fcr 73x57 Boxen (gebraucht)","og_url":"https:\/\/www.starcatering.at\/shop\/produkt\/kaengabox-trolley-fuer-73x57-boxen-gebraucht\/","og_site_name":"StarCatering %-Shop","article_modified_time":"2025-03-28T10:09:04+00:00","og_image":[{"width":500,"height":500,"url":"https:\/\/www.starcatering.at\/shop\/wp-content\/uploads\/2023\/03\/Trolly-Kaengaboxen.jpg","type":"image\/jpeg"}],"twitter_card":"summary_large_image","twitter_misc":{"Gesch\u00e4tzte Lesezeit":"1\u00a0Minute"},"schema":{"@context":"https:\/\/schema.org","@graph":[{"@type":"WebPage","@id":"https:\/\/www.starcatering.at\/shop\/produkt\/kaengabox-trolley-fuer-73x57-boxen-gebraucht\/","url":"https:\/\/www.starcatering.at\/shop\/produkt\/kaengabox-trolley-fuer-73x57-boxen-gebraucht\/","name":"K\u00c4NGABOX\u00ae Trolley f\u00fcr 73x57cm Boxen (gebraucht) &#187; StarCatering %-Shop","isPartOf":{"@id":"https:\/\/www.starcatering.at\/shop\/#website"},"primaryImageOfPage":{"@id":"https:\/\/www.starcatering.at\/shop\/produkt\/kaengabox-trolley-fuer-73x57-boxen-gebraucht\/#primaryimage"},"image":{"@id":"https:\/\/www.starcatering.at\/shop\/produkt\/kaengabox-trolley-fuer-73x57-boxen-gebraucht\/#primaryimage"},"thumbnailUrl":"https:\/\/www.starcatering.at\/shop\/wp-content\/uploads\/2023\/03\/Trolly-Kaengaboxen.jpg","datePublished":"2023-03-12T09:53:37+00:00","dateModified":"2025-03-28T10:09:04+00:00","description":"K\u00c4NGABOX\u00ae Trolley f\u00fcr 73x57cm Boxen (gebraucht)","breadcrumb":{"@id":"https:\/\/www.starcatering.at\/shop\/produkt\/kaengabox-trolley-fuer-73x57-boxen-gebraucht\/#breadcrumb"},"inLanguage":"de","potentialAction":[{"@type":"ReadAction","target":["https:\/\/www.starcatering.at\/shop\/produkt\/kaengabox-trolley-fuer-73x57-boxen-gebraucht\/"]}]},{"@type":"ImageObject","inLanguage":"de","@id":"https:\/\/www.starcatering.at\/shop\/produkt\/kaengabox-trolley-fuer-73x57-boxen-gebraucht\/#primaryimage","url":"https:\/\/www.starcatering.at\/shop\/wp-content\/uploads\/2023\/03\/Trolly-Kaengaboxen.jpg","contentUrl":"https:\/\/www.starcatering.at\/shop\/wp-content\/uploads\/2023\/03\/Trolly-Kaengaboxen.jpg","width":500,"height":500},{"@type":"BreadcrumbList","@id":"https:\/\/www.starcatering.at\/shop\/produkt\/kaengabox-trolley-fuer-73x57-boxen-gebraucht\/#breadcrumb","itemListElement":[{"@type":"ListItem","position":1,"name":"Startseite","item":"https:\/\/www.starcatering.at\/shop\/"},{"@type":"ListItem","position":2,"name":"Shop","item":"https:\/\/www.starcatering.at\/shop\/shop\/"},{"@type":"ListItem","position":3,"name":"K\u00c4NGABOX\u00ae Trolley f\u00fcr 73x57cm Boxen (gebraucht)"}]},{"@type":"WebSite","@id":"https:\/\/www.starcatering.at\/shop\/#website","url":"https:\/\/www.starcatering.at\/shop\/","name":"Carnuntum Foods","description":"Abverkaufsartikel","publisher":{"@id":"https:\/\/www.starcatering.at\/shop\/#organization"},"potentialAction":[{"@type":"SearchAction","target":{"@type":"EntryPoint","urlTemplate":"https:\/\/www.starcatering.at\/shop\/?s={search_term_string}"},"query-input":{"@type":"PropertyValueSpecification","valueRequired":true,"valueName":"search_term_string"}}],"inLanguage":"de"},{"@type":"Organization","@id":"https:\/\/www.starcatering.at\/shop\/#organization","name":"Carnuntumfoods","url":"https:\/\/www.starcatering.at\/shop\/","logo":{"@type":"ImageObject","inLanguage":"de","@id":"https:\/\/www.starcatering.at\/shop\/#\/schema\/logo\/image\/","url":"https:\/\/www.starcatering.at\/shop\/wp-content\/uploads\/2021\/08\/cropped-logo.png","contentUrl":"https:\/\/www.starcatering.at\/shop\/wp-content\/uploads\/2021\/08\/cropped-logo.png","width":512,"height":512,"caption":"Carnuntumfoods"},"image":{"@id":"https:\/\/www.starcatering.at\/shop\/#\/schema\/logo\/image\/"}}]}},"_links":{"self":[{"href":"https:\/\/www.starcatering.at\/shop\/wp-json\/wp\/v2\/product\/9499","targetHints":{"allow":["GET"]}}],"collection":[{"href":"https:\/\/www.starcatering.at\/shop\/wp-json\/wp\/v2\/product"}],"about":[{"href":"https:\/\/www.starcatering.at\/shop\/wp-json\/wp\/v2\/types\/product"}],"replies":[{"embeddable":true,"href":"https:\/\/www.starcatering.at\/shop\/wp-json\/wp\/v2\/comments?post=9499"}],"wp:featuredmedia":[{"embeddable":true,"href":"https:\/\/www.starcatering.at\/shop\/wp-json\/wp\/v2\/media\/9500"}],"wp:attachment":[{"href":"https:\/\/www.starcatering.at\/shop\/wp-json\/wp\/v2\/media?parent=9499"}],"wp:term":[{"taxonomy":"product_brand","embeddable":true,"href":"https:\/\/www.starcatering.at\/shop\/wp-json\/wp\/v2\/product_brand?post=9499"},{"taxonomy":"product_cat","embeddable":true,"href":"https:\/\/www.starcatering.at\/shop\/wp-json\/wp\/v2\/product_cat?post=9499"},{"taxonomy":"product_tag","embeddable":true,"href":"https:\/\/www.starcatering.at\/shop\/wp-json\/wp\/v2\/product_tag?post=9499"}],"curies":[{"name":"wp","href":"https:\/\/api.w.org\/{rel}","templated":true}]}}