{"id":9658,"date":"2023-04-19T22:44:19","date_gmt":"2023-04-19T20:44:19","guid":{"rendered":"https:\/\/www.starcatering.at\/shop\/?post_type=product&#038;p=9658"},"modified":"2024-06-26T15:29:35","modified_gmt":"2024-06-26T13:29:35","slug":"spruehdesinfektion-diversey-d4-12-flasche-750ml","status":"publish","type":"product","link":"https:\/\/www.starcatering.at\/shop\/produkt\/spruehdesinfektion-diversey-d4-12-flasche-750ml\/","title":{"rendered":"Spr\u00fchdesinfektion Diversey D4.12 Flasche 750ml"},"content":{"rendered":"<p>Suma QuickDes D4.12 ist ein gebrauchsfertiges, schnell wirkendes Spr\u00fchdesinfektionsmittel auf Basis von Ethanol f\u00fcr harte Oberfl\u00e4chen, insbesondere im Lebensmittel- und K\u00fcchenbereich.<\/p>\n<p>Suma QuickDes D4.12 kann auf Oberfl\u00e4chen, die mit Lebensmitteln in Ber\u00fchrung kommen, angewendet werden und verdunstet r\u00fcckstandsfrei. Es eignet sich f\u00fcr die Desinfektion von alkoholbest\u00e4ndigen Oberfl\u00e4chen und Ger\u00e4ten wie Schneidbrettern, K\u00fcchenutensilien, Thermometern, Tischen und anderen kleineren K\u00fcchenger\u00e4ten. Es eignet sich auch f\u00fcr die Desinfektion von Theken in Superm\u00e4rkten, Metzgereien usw. Die Produktrezeptur von Suma QuickDes D4.12 basiert auf Ethanol und wurde mit Hinblick auf die Erzielung einer optimalen bioziden Wirkung entwickelt. Das Produkt verf\u00fcgt \u00fcber ein breites Wirkungsspektrum und ist gegen die meisten vegetativen Formen von Mikroorganismen wirksam.<\/p>\n<ul>\n<li>Gebrauchsfertig<\/li>\n<li>Breites Wirkungsspektrum und hohe Leistungsf\u00e4higkeit<\/li>\n<li>R\u00fcckstandsfreie Verdunstung<\/li>\n<li>Geeignet f\u00fcr die Anwendung in feuchtigkeitsempfindlichen Bereichen<\/li>\n<li>Geeignet f\u00fcr harte, alkoholfeste Oberfl\u00e4chen, und f\u00fcr Oberfl\u00e4chen, welche mit Lebensmitteln in Kontakt kommen<\/li>\n<li>VAH-zertifiziert<\/li>\n<\/ul>\n<p>Suma QuickDes D4.12 wird unverd\u00fcnnt angewendet. Auf die saubere, trockene Oberfl\u00e4che spr\u00fchen oder auf ein Tuch spr\u00fchen und gleichm\u00e4\u00dfig auftragen und Oberfl\u00e4che \u00fcber die Dauer der Einwirkzeit feucht halten.<\/p>\n<p><strong>Wischdesinfektion von Oberfl\u00e4chen (empfohlene Anwendungsmethode):<\/strong><br \/>\nSuma QuickDes D4.12 auf ein geeignetes Tuch auftragen und die Fl\u00e4chen abwischen. Die Oberfl\u00e4chen \u00fcber die Dauer der Einwirkzeit feucht halten.<\/p>\n<p>Suma QuickDes D4.12 muss nach dem Auftragen auf die Oberfl\u00e4chen nicht mehr abgesp\u00fclt werden, sofern dies nicht gesetzlich vorgeschrieben ist.<\/p>\n<p>Hinweis: Vermeiden Sie das Spr\u00fchen in der N\u00e4he von ungesch\u00fctzten elektrischen Anlagen. Achten Sie darauf, dass sich kein Aerosol bildet. Spr\u00fchen Sie nicht auf hei\u00dfe Oberfl\u00e4chen und vermeiden Sie das Spr\u00fchen in der N\u00e4he von Z\u00fcndquellen (offenes Feuer usw.).<\/p>\n","protected":false},"excerpt":{"rendered":"<p>Suma QuickDes D4.12 ist ein gebrauchsfertiges, schnell wirkendes Spr\u00fchdesinfektionsmittel auf Basis von Ethanol f\u00fcr harte Oberfl\u00e4chen, insbesondere im Lebensmittel- und K\u00fcchenbereich. Suma QuickDes D4.12 kann auf Oberfl\u00e4chen, die mit Lebensmitteln in Ber\u00fchrung kommen, angewendet werden und verdunstet r\u00fcckstandsfrei. Es eignet sich f\u00fcr die Desinfektion von alkoholbest\u00e4ndigen Oberfl\u00e4chen und Ger\u00e4ten wie Schneidbrettern, K\u00fcchenutensilien, Thermometern, Tischen und [&hellip;]<\/p>\n","protected":false},"featured_media":9659,"comment_status":"open","ping_status":"closed","template":"","meta":{"_et_pb_use_builder":"","_et_pb_old_content":"","_et_gb_content_width":""},"product_brand":[],"product_cat":[688],"product_tag":[803,777,690,774],"class_list":{"0":"post-9658","1":"product","2":"type-product","3":"status-publish","4":"has-post-thumbnail","6":"product_cat-reinigung-hygiene","7":"product_tag-desinfektion","8":"product_tag-diversey","9":"product_tag-putzen","10":"product_tag-reinigung","12":"first","13":"instock","14":"sale","15":"taxable","16":"shipping-taxable","17":"purchasable","18":"product-type-simple"},"yoast_head":"<!-- This site is optimized with the Yoast SEO plugin v27.5 - https:\/\/yoast.com\/product\/yoast-seo-wordpress\/ -->\n<title>Spr\u00fchdesinfektion Diversey D4.12 Flasche 750ml &#187; StarCatering %-Shop<\/title>\n<meta name=\"description\" content=\"Spr\u00fchdesinfektion Diversey D4.12 Flasche 750ml\" \/>\n<meta name=\"robots\" content=\"index, follow, max-snippet:-1, max-image-preview:large, max-video-preview:-1\" \/>\n<link rel=\"canonical\" href=\"https:\/\/www.starcatering.at\/shop\/produkt\/spruehdesinfektion-diversey-d4-12-flasche-750ml\/\" \/>\n<meta property=\"og:locale\" content=\"de_DE\" \/>\n<meta property=\"og:type\" content=\"article\" \/>\n<meta property=\"og:title\" content=\"Spr\u00fchdesinfektion Diversey D4.12 Flasche 750ml &#187; StarCatering %-Shop\" \/>\n<meta property=\"og:description\" content=\"Spr\u00fchdesinfektion Diversey D4.12 Flasche 750ml\" \/>\n<meta property=\"og:url\" content=\"https:\/\/www.starcatering.at\/shop\/produkt\/spruehdesinfektion-diversey-d4-12-flasche-750ml\/\" \/>\n<meta property=\"og:site_name\" content=\"StarCatering %-Shop\" \/>\n<meta property=\"article:modified_time\" content=\"2024-06-26T13:29:35+00:00\" \/>\n<meta property=\"og:image\" content=\"https:\/\/www.starcatering.at\/shop\/wp-content\/uploads\/2023\/04\/Diversey-D412-Desinfekt.jpg\" \/>\n\t<meta property=\"og:image:width\" content=\"500\" \/>\n\t<meta property=\"og:image:height\" content=\"500\" \/>\n\t<meta property=\"og:image:type\" content=\"image\/jpeg\" \/>\n<meta name=\"twitter:card\" content=\"summary_large_image\" \/>\n<meta name=\"twitter:label1\" content=\"Gesch\u00e4tzte Lesezeit\" \/>\n\t<meta name=\"twitter:data1\" content=\"2\u00a0Minuten\" \/>\n<script type=\"application\/ld+json\" class=\"yoast-schema-graph\">{\"@context\":\"https:\\\/\\\/schema.org\",\"@graph\":[{\"@type\":\"WebPage\",\"@id\":\"https:\\\/\\\/www.starcatering.at\\\/shop\\\/produkt\\\/spruehdesinfektion-diversey-d4-12-flasche-750ml\\\/\",\"url\":\"https:\\\/\\\/www.starcatering.at\\\/shop\\\/produkt\\\/spruehdesinfektion-diversey-d4-12-flasche-750ml\\\/\",\"name\":\"Spr\u00fchdesinfektion Diversey D4.12 Flasche 750ml &#187; StarCatering %-Shop\",\"isPartOf\":{\"@id\":\"https:\\\/\\\/www.starcatering.at\\\/shop\\\/#website\"},\"primaryImageOfPage\":{\"@id\":\"https:\\\/\\\/www.starcatering.at\\\/shop\\\/produkt\\\/spruehdesinfektion-diversey-d4-12-flasche-750ml\\\/#primaryimage\"},\"image\":{\"@id\":\"https:\\\/\\\/www.starcatering.at\\\/shop\\\/produkt\\\/spruehdesinfektion-diversey-d4-12-flasche-750ml\\\/#primaryimage\"},\"thumbnailUrl\":\"https:\\\/\\\/www.starcatering.at\\\/shop\\\/wp-content\\\/uploads\\\/2023\\\/04\\\/Diversey-D412-Desinfekt.jpg\",\"datePublished\":\"2023-04-19T20:44:19+00:00\",\"dateModified\":\"2024-06-26T13:29:35+00:00\",\"description\":\"Spr\u00fchdesinfektion Diversey D4.12 Flasche 750ml\",\"breadcrumb\":{\"@id\":\"https:\\\/\\\/www.starcatering.at\\\/shop\\\/produkt\\\/spruehdesinfektion-diversey-d4-12-flasche-750ml\\\/#breadcrumb\"},\"inLanguage\":\"de\",\"potentialAction\":[{\"@type\":\"ReadAction\",\"target\":[\"https:\\\/\\\/www.starcatering.at\\\/shop\\\/produkt\\\/spruehdesinfektion-diversey-d4-12-flasche-750ml\\\/\"]}]},{\"@type\":\"ImageObject\",\"inLanguage\":\"de\",\"@id\":\"https:\\\/\\\/www.starcatering.at\\\/shop\\\/produkt\\\/spruehdesinfektion-diversey-d4-12-flasche-750ml\\\/#primaryimage\",\"url\":\"https:\\\/\\\/www.starcatering.at\\\/shop\\\/wp-content\\\/uploads\\\/2023\\\/04\\\/Diversey-D412-Desinfekt.jpg\",\"contentUrl\":\"https:\\\/\\\/www.starcatering.at\\\/shop\\\/wp-content\\\/uploads\\\/2023\\\/04\\\/Diversey-D412-Desinfekt.jpg\",\"width\":500,\"height\":500},{\"@type\":\"BreadcrumbList\",\"@id\":\"https:\\\/\\\/www.starcatering.at\\\/shop\\\/produkt\\\/spruehdesinfektion-diversey-d4-12-flasche-750ml\\\/#breadcrumb\",\"itemListElement\":[{\"@type\":\"ListItem\",\"position\":1,\"name\":\"Startseite\",\"item\":\"https:\\\/\\\/www.starcatering.at\\\/shop\\\/\"},{\"@type\":\"ListItem\",\"position\":2,\"name\":\"Shop\",\"item\":\"https:\\\/\\\/www.starcatering.at\\\/shop\\\/shop\\\/\"},{\"@type\":\"ListItem\",\"position\":3,\"name\":\"Spr\u00fchdesinfektion Diversey D4.12 Flasche 750ml\"}]},{\"@type\":\"WebSite\",\"@id\":\"https:\\\/\\\/www.starcatering.at\\\/shop\\\/#website\",\"url\":\"https:\\\/\\\/www.starcatering.at\\\/shop\\\/\",\"name\":\"Carnuntum Foods\",\"description\":\"Abverkaufsartikel\",\"publisher\":{\"@id\":\"https:\\\/\\\/www.starcatering.at\\\/shop\\\/#organization\"},\"potentialAction\":[{\"@type\":\"SearchAction\",\"target\":{\"@type\":\"EntryPoint\",\"urlTemplate\":\"https:\\\/\\\/www.starcatering.at\\\/shop\\\/?s={search_term_string}\"},\"query-input\":{\"@type\":\"PropertyValueSpecification\",\"valueRequired\":true,\"valueName\":\"search_term_string\"}}],\"inLanguage\":\"de\"},{\"@type\":\"Organization\",\"@id\":\"https:\\\/\\\/www.starcatering.at\\\/shop\\\/#organization\",\"name\":\"Carnuntumfoods\",\"url\":\"https:\\\/\\\/www.starcatering.at\\\/shop\\\/\",\"logo\":{\"@type\":\"ImageObject\",\"inLanguage\":\"de\",\"@id\":\"https:\\\/\\\/www.starcatering.at\\\/shop\\\/#\\\/schema\\\/logo\\\/image\\\/\",\"url\":\"https:\\\/\\\/www.starcatering.at\\\/shop\\\/wp-content\\\/uploads\\\/2021\\\/08\\\/cropped-logo.png\",\"contentUrl\":\"https:\\\/\\\/www.starcatering.at\\\/shop\\\/wp-content\\\/uploads\\\/2021\\\/08\\\/cropped-logo.png\",\"width\":512,\"height\":512,\"caption\":\"Carnuntumfoods\"},\"image\":{\"@id\":\"https:\\\/\\\/www.starcatering.at\\\/shop\\\/#\\\/schema\\\/logo\\\/image\\\/\"}}]}<\/script>\n<!-- \/ Yoast SEO plugin. -->","yoast_head_json":{"title":"Spr\u00fchdesinfektion Diversey D4.12 Flasche 750ml &#187; StarCatering %-Shop","description":"Spr\u00fchdesinfektion Diversey D4.12 Flasche 750ml","robots":{"index":"index","follow":"follow","max-snippet":"max-snippet:-1","max-image-preview":"max-image-preview:large","max-video-preview":"max-video-preview:-1"},"canonical":"https:\/\/www.starcatering.at\/shop\/produkt\/spruehdesinfektion-diversey-d4-12-flasche-750ml\/","og_locale":"de_DE","og_type":"article","og_title":"Spr\u00fchdesinfektion Diversey D4.12 Flasche 750ml &#187; StarCatering %-Shop","og_description":"Spr\u00fchdesinfektion Diversey D4.12 Flasche 750ml","og_url":"https:\/\/www.starcatering.at\/shop\/produkt\/spruehdesinfektion-diversey-d4-12-flasche-750ml\/","og_site_name":"StarCatering %-Shop","article_modified_time":"2024-06-26T13:29:35+00:00","og_image":[{"width":500,"height":500,"url":"https:\/\/www.starcatering.at\/shop\/wp-content\/uploads\/2023\/04\/Diversey-D412-Desinfekt.jpg","type":"image\/jpeg"}],"twitter_card":"summary_large_image","twitter_misc":{"Gesch\u00e4tzte Lesezeit":"2\u00a0Minuten"},"schema":{"@context":"https:\/\/schema.org","@graph":[{"@type":"WebPage","@id":"https:\/\/www.starcatering.at\/shop\/produkt\/spruehdesinfektion-diversey-d4-12-flasche-750ml\/","url":"https:\/\/www.starcatering.at\/shop\/produkt\/spruehdesinfektion-diversey-d4-12-flasche-750ml\/","name":"Spr\u00fchdesinfektion Diversey D4.12 Flasche 750ml &#187; StarCatering %-Shop","isPartOf":{"@id":"https:\/\/www.starcatering.at\/shop\/#website"},"primaryImageOfPage":{"@id":"https:\/\/www.starcatering.at\/shop\/produkt\/spruehdesinfektion-diversey-d4-12-flasche-750ml\/#primaryimage"},"image":{"@id":"https:\/\/www.starcatering.at\/shop\/produkt\/spruehdesinfektion-diversey-d4-12-flasche-750ml\/#primaryimage"},"thumbnailUrl":"https:\/\/www.starcatering.at\/shop\/wp-content\/uploads\/2023\/04\/Diversey-D412-Desinfekt.jpg","datePublished":"2023-04-19T20:44:19+00:00","dateModified":"2024-06-26T13:29:35+00:00","description":"Spr\u00fchdesinfektion Diversey D4.12 Flasche 750ml","breadcrumb":{"@id":"https:\/\/www.starcatering.at\/shop\/produkt\/spruehdesinfektion-diversey-d4-12-flasche-750ml\/#breadcrumb"},"inLanguage":"de","potentialAction":[{"@type":"ReadAction","target":["https:\/\/www.starcatering.at\/shop\/produkt\/spruehdesinfektion-diversey-d4-12-flasche-750ml\/"]}]},{"@type":"ImageObject","inLanguage":"de","@id":"https:\/\/www.starcatering.at\/shop\/produkt\/spruehdesinfektion-diversey-d4-12-flasche-750ml\/#primaryimage","url":"https:\/\/www.starcatering.at\/shop\/wp-content\/uploads\/2023\/04\/Diversey-D412-Desinfekt.jpg","contentUrl":"https:\/\/www.starcatering.at\/shop\/wp-content\/uploads\/2023\/04\/Diversey-D412-Desinfekt.jpg","width":500,"height":500},{"@type":"BreadcrumbList","@id":"https:\/\/www.starcatering.at\/shop\/produkt\/spruehdesinfektion-diversey-d4-12-flasche-750ml\/#breadcrumb","itemListElement":[{"@type":"ListItem","position":1,"name":"Startseite","item":"https:\/\/www.starcatering.at\/shop\/"},{"@type":"ListItem","position":2,"name":"Shop","item":"https:\/\/www.starcatering.at\/shop\/shop\/"},{"@type":"ListItem","position":3,"name":"Spr\u00fchdesinfektion Diversey D4.12 Flasche 750ml"}]},{"@type":"WebSite","@id":"https:\/\/www.starcatering.at\/shop\/#website","url":"https:\/\/www.starcatering.at\/shop\/","name":"Carnuntum Foods","description":"Abverkaufsartikel","publisher":{"@id":"https:\/\/www.starcatering.at\/shop\/#organization"},"potentialAction":[{"@type":"SearchAction","target":{"@type":"EntryPoint","urlTemplate":"https:\/\/www.starcatering.at\/shop\/?s={search_term_string}"},"query-input":{"@type":"PropertyValueSpecification","valueRequired":true,"valueName":"search_term_string"}}],"inLanguage":"de"},{"@type":"Organization","@id":"https:\/\/www.starcatering.at\/shop\/#organization","name":"Carnuntumfoods","url":"https:\/\/www.starcatering.at\/shop\/","logo":{"@type":"ImageObject","inLanguage":"de","@id":"https:\/\/www.starcatering.at\/shop\/#\/schema\/logo\/image\/","url":"https:\/\/www.starcatering.at\/shop\/wp-content\/uploads\/2021\/08\/cropped-logo.png","contentUrl":"https:\/\/www.starcatering.at\/shop\/wp-content\/uploads\/2021\/08\/cropped-logo.png","width":512,"height":512,"caption":"Carnuntumfoods"},"image":{"@id":"https:\/\/www.starcatering.at\/shop\/#\/schema\/logo\/image\/"}}]}},"_links":{"self":[{"href":"https:\/\/www.starcatering.at\/shop\/wp-json\/wp\/v2\/product\/9658","targetHints":{"allow":["GET"]}}],"collection":[{"href":"https:\/\/www.starcatering.at\/shop\/wp-json\/wp\/v2\/product"}],"about":[{"href":"https:\/\/www.starcatering.at\/shop\/wp-json\/wp\/v2\/types\/product"}],"replies":[{"embeddable":true,"href":"https:\/\/www.starcatering.at\/shop\/wp-json\/wp\/v2\/comments?post=9658"}],"wp:featuredmedia":[{"embeddable":true,"href":"https:\/\/www.starcatering.at\/shop\/wp-json\/wp\/v2\/media\/9659"}],"wp:attachment":[{"href":"https:\/\/www.starcatering.at\/shop\/wp-json\/wp\/v2\/media?parent=9658"}],"wp:term":[{"taxonomy":"product_brand","embeddable":true,"href":"https:\/\/www.starcatering.at\/shop\/wp-json\/wp\/v2\/product_brand?post=9658"},{"taxonomy":"product_cat","embeddable":true,"href":"https:\/\/www.starcatering.at\/shop\/wp-json\/wp\/v2\/product_cat?post=9658"},{"taxonomy":"product_tag","embeddable":true,"href":"https:\/\/www.starcatering.at\/shop\/wp-json\/wp\/v2\/product_tag?post=9658"}],"curies":[{"name":"wp","href":"https:\/\/api.w.org\/{rel}","templated":true}]}}