{"id":9662,"date":"2023-04-19T23:54:16","date_gmt":"2023-04-19T21:54:16","guid":{"rendered":"https:\/\/www.starcatering.at\/shop\/?post_type=product&#038;p=9662"},"modified":"2025-01-30T13:07:08","modified_gmt":"2025-01-30T12:07:08","slug":"grillreinigungsgel-d9-4-diversey-5lt-kanister","status":"publish","type":"product","link":"https:\/\/www.starcatering.at\/shop\/produkt\/grillreinigungsgel-d9-4-diversey-5lt-kanister\/","title":{"rendered":"Grillreinigungsgel D9.4 Diversey 5lt. Kanister"},"content":{"rendered":"<p>Suma Grill Gel D9.4 ist ein extrastarker Reiniger f\u00fcr den periodischen Einsatz f\u00fcr alle stark fettverschmutzten Bereiche in lebensmittelproduzierenden und -verarbeitenden Unternehmen.<\/p>\n<p>Suma Grill Gel D9.4 ist ein hochalkalischer Reiniger, der f\u00fcr die periodische Reinigung von stark verschmutzten \u00d6fen, Grills, Konvektomaten und Salamandern geeignet ist. Die Zusammensetzung von Suma Grill Gel D9.4 basiert auf einer optimalen Kombination von Alkalit\u00e4t, Tensiden und L\u00f6sungsmitteln, die auch stark eingebrannte Verschmutzungen l\u00f6sen. Aufgrund seiner gelartigen Konsistenz haftet Suma Grill Gel D9.4 auch an senkrechten Fl\u00e4chen gen\u00fcgend lange um ein optimales Reinigungsergebnis zu liefern. Mit Wasser verd\u00fcnnt ist Suma Grill Gel D9.4 auch zur Reinigung von Friteusen geeignet<\/p>\n<ul>\n<li>Saubere Oberfl\u00e4chen durch kraftvolle Entfernung auch stark eingebrannter Verschmutzungen<\/li>\n<li>Ausgezeichnete Haftung an senkrechten Fl\u00e4chen erm\u00f6glicht lange Kontaktzeiten und garantiert optimale Reinigungsresultate<\/li>\n<li>Verwendung eines Spr\u00fchers mit Schaumlanze erm\u00f6glicht gezielten Einsatz und minimiert Spr\u00fchnebelbildung<\/li>\n<\/ul>\n","protected":false},"excerpt":{"rendered":"<p>Geeignet f\u00fcr Edelstahl Grillplatten!<\/p>\n<p><span style=\"color: #ff6600;\"><strong>Verkauf nur an gewerbliche Anwender!<\/strong><\/span><\/p>\n","protected":false},"featured_media":9663,"comment_status":"open","ping_status":"closed","template":"","meta":{"_et_pb_use_builder":"","_et_pb_old_content":"","_et_gb_content_width":""},"product_brand":[],"product_cat":[688],"product_tag":[777,468,766,774],"class_list":{"0":"post-9662","1":"product","2":"type-product","3":"status-publish","4":"has-post-thumbnail","6":"product_cat-reinigung-hygiene","7":"product_tag-diversey","8":"product_tag-grill","9":"product_tag-reiniger","10":"product_tag-reinigung","12":"first","13":"instock","14":"sale","15":"taxable","16":"shipping-taxable","17":"purchasable","18":"product-type-simple"},"yoast_head":"<!-- This site is optimized with the Yoast SEO plugin v27.5 - https:\/\/yoast.com\/product\/yoast-seo-wordpress\/ -->\n<title>Grillreinigungsgel D9.4 Diversey 5lt. Kanister &#187; StarCatering %-Shop<\/title>\n<meta name=\"description\" content=\"Grillreinigungsgel D9.4 Diversey 5lt. Kanister\" \/>\n<meta name=\"robots\" content=\"index, follow, max-snippet:-1, max-image-preview:large, max-video-preview:-1\" \/>\n<link rel=\"canonical\" href=\"https:\/\/www.starcatering.at\/shop\/produkt\/grillreinigungsgel-d9-4-diversey-5lt-kanister\/\" \/>\n<meta property=\"og:locale\" content=\"de_DE\" \/>\n<meta property=\"og:type\" content=\"article\" \/>\n<meta property=\"og:title\" content=\"Grillreinigungsgel D9.4 Diversey 5lt. Kanister &#187; StarCatering %-Shop\" \/>\n<meta property=\"og:description\" content=\"Grillreinigungsgel D9.4 Diversey 5lt. Kanister\" \/>\n<meta property=\"og:url\" content=\"https:\/\/www.starcatering.at\/shop\/produkt\/grillreinigungsgel-d9-4-diversey-5lt-kanister\/\" \/>\n<meta property=\"og:site_name\" content=\"StarCatering %-Shop\" \/>\n<meta property=\"article:modified_time\" content=\"2025-01-30T12:07:08+00:00\" \/>\n<meta property=\"og:image\" content=\"https:\/\/www.starcatering.at\/shop\/wp-content\/uploads\/2023\/04\/Diversey-D94-Grillreiniger.jpg\" \/>\n\t<meta property=\"og:image:width\" content=\"500\" \/>\n\t<meta property=\"og:image:height\" content=\"500\" \/>\n\t<meta property=\"og:image:type\" content=\"image\/jpeg\" \/>\n<meta name=\"twitter:card\" content=\"summary_large_image\" \/>\n<meta name=\"twitter:label1\" content=\"Gesch\u00e4tzte Lesezeit\" \/>\n\t<meta name=\"twitter:data1\" content=\"1\u00a0Minute\" \/>\n<script type=\"application\/ld+json\" class=\"yoast-schema-graph\">{\"@context\":\"https:\\\/\\\/schema.org\",\"@graph\":[{\"@type\":\"WebPage\",\"@id\":\"https:\\\/\\\/www.starcatering.at\\\/shop\\\/produkt\\\/grillreinigungsgel-d9-4-diversey-5lt-kanister\\\/\",\"url\":\"https:\\\/\\\/www.starcatering.at\\\/shop\\\/produkt\\\/grillreinigungsgel-d9-4-diversey-5lt-kanister\\\/\",\"name\":\"Grillreinigungsgel D9.4 Diversey 5lt. Kanister &#187; StarCatering %-Shop\",\"isPartOf\":{\"@id\":\"https:\\\/\\\/www.starcatering.at\\\/shop\\\/#website\"},\"primaryImageOfPage\":{\"@id\":\"https:\\\/\\\/www.starcatering.at\\\/shop\\\/produkt\\\/grillreinigungsgel-d9-4-diversey-5lt-kanister\\\/#primaryimage\"},\"image\":{\"@id\":\"https:\\\/\\\/www.starcatering.at\\\/shop\\\/produkt\\\/grillreinigungsgel-d9-4-diversey-5lt-kanister\\\/#primaryimage\"},\"thumbnailUrl\":\"https:\\\/\\\/www.starcatering.at\\\/shop\\\/wp-content\\\/uploads\\\/2023\\\/04\\\/Diversey-D94-Grillreiniger.jpg\",\"datePublished\":\"2023-04-19T21:54:16+00:00\",\"dateModified\":\"2025-01-30T12:07:08+00:00\",\"description\":\"Grillreinigungsgel D9.4 Diversey 5lt. Kanister\",\"breadcrumb\":{\"@id\":\"https:\\\/\\\/www.starcatering.at\\\/shop\\\/produkt\\\/grillreinigungsgel-d9-4-diversey-5lt-kanister\\\/#breadcrumb\"},\"inLanguage\":\"de\",\"potentialAction\":[{\"@type\":\"ReadAction\",\"target\":[\"https:\\\/\\\/www.starcatering.at\\\/shop\\\/produkt\\\/grillreinigungsgel-d9-4-diversey-5lt-kanister\\\/\"]}]},{\"@type\":\"ImageObject\",\"inLanguage\":\"de\",\"@id\":\"https:\\\/\\\/www.starcatering.at\\\/shop\\\/produkt\\\/grillreinigungsgel-d9-4-diversey-5lt-kanister\\\/#primaryimage\",\"url\":\"https:\\\/\\\/www.starcatering.at\\\/shop\\\/wp-content\\\/uploads\\\/2023\\\/04\\\/Diversey-D94-Grillreiniger.jpg\",\"contentUrl\":\"https:\\\/\\\/www.starcatering.at\\\/shop\\\/wp-content\\\/uploads\\\/2023\\\/04\\\/Diversey-D94-Grillreiniger.jpg\",\"width\":500,\"height\":500},{\"@type\":\"BreadcrumbList\",\"@id\":\"https:\\\/\\\/www.starcatering.at\\\/shop\\\/produkt\\\/grillreinigungsgel-d9-4-diversey-5lt-kanister\\\/#breadcrumb\",\"itemListElement\":[{\"@type\":\"ListItem\",\"position\":1,\"name\":\"Startseite\",\"item\":\"https:\\\/\\\/www.starcatering.at\\\/shop\\\/\"},{\"@type\":\"ListItem\",\"position\":2,\"name\":\"Shop\",\"item\":\"https:\\\/\\\/www.starcatering.at\\\/shop\\\/shop\\\/\"},{\"@type\":\"ListItem\",\"position\":3,\"name\":\"Grillreinigungsgel D9.4 Diversey 5lt. Kanister\"}]},{\"@type\":\"WebSite\",\"@id\":\"https:\\\/\\\/www.starcatering.at\\\/shop\\\/#website\",\"url\":\"https:\\\/\\\/www.starcatering.at\\\/shop\\\/\",\"name\":\"Carnuntum Foods\",\"description\":\"Abverkaufsartikel\",\"publisher\":{\"@id\":\"https:\\\/\\\/www.starcatering.at\\\/shop\\\/#organization\"},\"potentialAction\":[{\"@type\":\"SearchAction\",\"target\":{\"@type\":\"EntryPoint\",\"urlTemplate\":\"https:\\\/\\\/www.starcatering.at\\\/shop\\\/?s={search_term_string}\"},\"query-input\":{\"@type\":\"PropertyValueSpecification\",\"valueRequired\":true,\"valueName\":\"search_term_string\"}}],\"inLanguage\":\"de\"},{\"@type\":\"Organization\",\"@id\":\"https:\\\/\\\/www.starcatering.at\\\/shop\\\/#organization\",\"name\":\"Carnuntumfoods\",\"url\":\"https:\\\/\\\/www.starcatering.at\\\/shop\\\/\",\"logo\":{\"@type\":\"ImageObject\",\"inLanguage\":\"de\",\"@id\":\"https:\\\/\\\/www.starcatering.at\\\/shop\\\/#\\\/schema\\\/logo\\\/image\\\/\",\"url\":\"https:\\\/\\\/www.starcatering.at\\\/shop\\\/wp-content\\\/uploads\\\/2021\\\/08\\\/cropped-logo.png\",\"contentUrl\":\"https:\\\/\\\/www.starcatering.at\\\/shop\\\/wp-content\\\/uploads\\\/2021\\\/08\\\/cropped-logo.png\",\"width\":512,\"height\":512,\"caption\":\"Carnuntumfoods\"},\"image\":{\"@id\":\"https:\\\/\\\/www.starcatering.at\\\/shop\\\/#\\\/schema\\\/logo\\\/image\\\/\"}}]}<\/script>\n<!-- \/ Yoast SEO plugin. -->","yoast_head_json":{"title":"Grillreinigungsgel D9.4 Diversey 5lt. Kanister &#187; StarCatering %-Shop","description":"Grillreinigungsgel D9.4 Diversey 5lt. Kanister","robots":{"index":"index","follow":"follow","max-snippet":"max-snippet:-1","max-image-preview":"max-image-preview:large","max-video-preview":"max-video-preview:-1"},"canonical":"https:\/\/www.starcatering.at\/shop\/produkt\/grillreinigungsgel-d9-4-diversey-5lt-kanister\/","og_locale":"de_DE","og_type":"article","og_title":"Grillreinigungsgel D9.4 Diversey 5lt. Kanister &#187; StarCatering %-Shop","og_description":"Grillreinigungsgel D9.4 Diversey 5lt. Kanister","og_url":"https:\/\/www.starcatering.at\/shop\/produkt\/grillreinigungsgel-d9-4-diversey-5lt-kanister\/","og_site_name":"StarCatering %-Shop","article_modified_time":"2025-01-30T12:07:08+00:00","og_image":[{"width":500,"height":500,"url":"https:\/\/www.starcatering.at\/shop\/wp-content\/uploads\/2023\/04\/Diversey-D94-Grillreiniger.jpg","type":"image\/jpeg"}],"twitter_card":"summary_large_image","twitter_misc":{"Gesch\u00e4tzte Lesezeit":"1\u00a0Minute"},"schema":{"@context":"https:\/\/schema.org","@graph":[{"@type":"WebPage","@id":"https:\/\/www.starcatering.at\/shop\/produkt\/grillreinigungsgel-d9-4-diversey-5lt-kanister\/","url":"https:\/\/www.starcatering.at\/shop\/produkt\/grillreinigungsgel-d9-4-diversey-5lt-kanister\/","name":"Grillreinigungsgel D9.4 Diversey 5lt. Kanister &#187; StarCatering %-Shop","isPartOf":{"@id":"https:\/\/www.starcatering.at\/shop\/#website"},"primaryImageOfPage":{"@id":"https:\/\/www.starcatering.at\/shop\/produkt\/grillreinigungsgel-d9-4-diversey-5lt-kanister\/#primaryimage"},"image":{"@id":"https:\/\/www.starcatering.at\/shop\/produkt\/grillreinigungsgel-d9-4-diversey-5lt-kanister\/#primaryimage"},"thumbnailUrl":"https:\/\/www.starcatering.at\/shop\/wp-content\/uploads\/2023\/04\/Diversey-D94-Grillreiniger.jpg","datePublished":"2023-04-19T21:54:16+00:00","dateModified":"2025-01-30T12:07:08+00:00","description":"Grillreinigungsgel D9.4 Diversey 5lt. Kanister","breadcrumb":{"@id":"https:\/\/www.starcatering.at\/shop\/produkt\/grillreinigungsgel-d9-4-diversey-5lt-kanister\/#breadcrumb"},"inLanguage":"de","potentialAction":[{"@type":"ReadAction","target":["https:\/\/www.starcatering.at\/shop\/produkt\/grillreinigungsgel-d9-4-diversey-5lt-kanister\/"]}]},{"@type":"ImageObject","inLanguage":"de","@id":"https:\/\/www.starcatering.at\/shop\/produkt\/grillreinigungsgel-d9-4-diversey-5lt-kanister\/#primaryimage","url":"https:\/\/www.starcatering.at\/shop\/wp-content\/uploads\/2023\/04\/Diversey-D94-Grillreiniger.jpg","contentUrl":"https:\/\/www.starcatering.at\/shop\/wp-content\/uploads\/2023\/04\/Diversey-D94-Grillreiniger.jpg","width":500,"height":500},{"@type":"BreadcrumbList","@id":"https:\/\/www.starcatering.at\/shop\/produkt\/grillreinigungsgel-d9-4-diversey-5lt-kanister\/#breadcrumb","itemListElement":[{"@type":"ListItem","position":1,"name":"Startseite","item":"https:\/\/www.starcatering.at\/shop\/"},{"@type":"ListItem","position":2,"name":"Shop","item":"https:\/\/www.starcatering.at\/shop\/shop\/"},{"@type":"ListItem","position":3,"name":"Grillreinigungsgel D9.4 Diversey 5lt. Kanister"}]},{"@type":"WebSite","@id":"https:\/\/www.starcatering.at\/shop\/#website","url":"https:\/\/www.starcatering.at\/shop\/","name":"Carnuntum Foods","description":"Abverkaufsartikel","publisher":{"@id":"https:\/\/www.starcatering.at\/shop\/#organization"},"potentialAction":[{"@type":"SearchAction","target":{"@type":"EntryPoint","urlTemplate":"https:\/\/www.starcatering.at\/shop\/?s={search_term_string}"},"query-input":{"@type":"PropertyValueSpecification","valueRequired":true,"valueName":"search_term_string"}}],"inLanguage":"de"},{"@type":"Organization","@id":"https:\/\/www.starcatering.at\/shop\/#organization","name":"Carnuntumfoods","url":"https:\/\/www.starcatering.at\/shop\/","logo":{"@type":"ImageObject","inLanguage":"de","@id":"https:\/\/www.starcatering.at\/shop\/#\/schema\/logo\/image\/","url":"https:\/\/www.starcatering.at\/shop\/wp-content\/uploads\/2021\/08\/cropped-logo.png","contentUrl":"https:\/\/www.starcatering.at\/shop\/wp-content\/uploads\/2021\/08\/cropped-logo.png","width":512,"height":512,"caption":"Carnuntumfoods"},"image":{"@id":"https:\/\/www.starcatering.at\/shop\/#\/schema\/logo\/image\/"}}]}},"_links":{"self":[{"href":"https:\/\/www.starcatering.at\/shop\/wp-json\/wp\/v2\/product\/9662","targetHints":{"allow":["GET"]}}],"collection":[{"href":"https:\/\/www.starcatering.at\/shop\/wp-json\/wp\/v2\/product"}],"about":[{"href":"https:\/\/www.starcatering.at\/shop\/wp-json\/wp\/v2\/types\/product"}],"replies":[{"embeddable":true,"href":"https:\/\/www.starcatering.at\/shop\/wp-json\/wp\/v2\/comments?post=9662"}],"wp:featuredmedia":[{"embeddable":true,"href":"https:\/\/www.starcatering.at\/shop\/wp-json\/wp\/v2\/media\/9663"}],"wp:attachment":[{"href":"https:\/\/www.starcatering.at\/shop\/wp-json\/wp\/v2\/media?parent=9662"}],"wp:term":[{"taxonomy":"product_brand","embeddable":true,"href":"https:\/\/www.starcatering.at\/shop\/wp-json\/wp\/v2\/product_brand?post=9662"},{"taxonomy":"product_cat","embeddable":true,"href":"https:\/\/www.starcatering.at\/shop\/wp-json\/wp\/v2\/product_cat?post=9662"},{"taxonomy":"product_tag","embeddable":true,"href":"https:\/\/www.starcatering.at\/shop\/wp-json\/wp\/v2\/product_tag?post=9662"}],"curies":[{"name":"wp","href":"https:\/\/api.w.org\/{rel}","templated":true}]}}