{"id":9677,"date":"2023-04-20T11:17:11","date_gmt":"2023-04-20T09:17:11","guid":{"rendered":"https:\/\/www.starcatering.at\/shop\/?post_type=product&#038;p=9677"},"modified":"2025-03-24T23:09:29","modified_gmt":"2025-03-24T22:09:29","slug":"chromstahlpflege-d7-1-diversey-750ml-flasche","status":"publish","type":"product","link":"https:\/\/www.starcatering.at\/shop\/produkt\/chromstahlpflege-d7-1-diversey-750ml-flasche\/","title":{"rendered":"Chromstahlpflege D7.1 Diversey 750ml Flasche"},"content":{"rendered":"<p>Suma Inox D7.1 ist eine gebrauchsfertige Politur f\u00fcr alle Edelstahloberfl\u00e4chen, die nicht mit Lebensmitteln in Kontakt kommen.<\/p>\n<p>Suma Inox D7.1 enth\u00e4lt eine spezielle Mischung aus \u00d6l und Tensid, die Edelstahloberfl\u00e4chen, wie z. B. der Au\u00dfenseite von K\u00fchlschr\u00e4nken, Gefrierger\u00e4ten, Eismaschinen, Geschirrsp\u00fclmaschinen und anderen Edelstahloberfl\u00e4chen, einen dauerhaften Schutz und Glanz verleiht.<\/p>\n<ul>\n<li>Schaffung eines sch\u00fctzenden Films auf den Edelstahlfl\u00e4chen<\/li>\n<li>Geeignet zur Entfernung von Flecken und leichten Verschmutzungen<\/li>\n<li>Schutz der Oberfl\u00e4chen vor Fingerabdr\u00fccken und Wasserflecken<\/li>\n<li>Langanhaltende Bewahrung eines gl\u00e4nzenden Erscheinungsbildes<\/li>\n<li>Besonders sparsam in der Anwendung<\/li>\n<\/ul>\n","protected":false},"excerpt":{"rendered":"<p>Suma Inox D7.1 ist eine gebrauchsfertige Politur f\u00fcr alle Edelstahloberfl\u00e4chen, die nicht mit Lebensmitteln in Kontakt kommen. Suma Inox D7.1 enth\u00e4lt eine spezielle Mischung aus \u00d6l und Tensid, die Edelstahloberfl\u00e4chen, wie z. B. der Au\u00dfenseite von K\u00fchlschr\u00e4nken, Gefrierger\u00e4ten, Eismaschinen, Geschirrsp\u00fclmaschinen und anderen Edelstahloberfl\u00e4chen, einen dauerhaften Schutz und Glanz verleiht. Schaffung eines sch\u00fctzenden Films auf den [&hellip;]<\/p>\n","protected":false},"featured_media":9678,"comment_status":"open","ping_status":"closed","template":"","meta":{"_et_pb_use_builder":"","_et_pb_old_content":"","_et_gb_content_width":""},"product_brand":[],"product_cat":[688],"product_tag":[777,370,1627,766],"class_list":{"0":"post-9677","1":"product","2":"type-product","3":"status-publish","4":"has-post-thumbnail","6":"product_cat-reinigung-hygiene","7":"product_tag-diversey","8":"product_tag-edelstahl","9":"product_tag-pflege","10":"product_tag-reiniger","12":"first","13":"instock","14":"sale","15":"taxable","16":"shipping-taxable","17":"purchasable","18":"product-type-simple"},"yoast_head":"<!-- This site is optimized with the Yoast SEO plugin v27.5 - https:\/\/yoast.com\/product\/yoast-seo-wordpress\/ -->\n<title>Chromstahlpflege D7.1 Diversey 750ml Flasche &#187; StarCatering %-Shop<\/title>\n<meta name=\"description\" content=\"Chromstahlpflege D7.1 Diversey 750ml Flasche\" \/>\n<meta name=\"robots\" content=\"index, follow, max-snippet:-1, max-image-preview:large, max-video-preview:-1\" \/>\n<link rel=\"canonical\" href=\"https:\/\/www.starcatering.at\/shop\/produkt\/chromstahlpflege-d7-1-diversey-750ml-flasche\/\" \/>\n<meta property=\"og:locale\" content=\"de_DE\" \/>\n<meta property=\"og:type\" content=\"article\" \/>\n<meta property=\"og:title\" content=\"Chromstahlpflege D7.1 Diversey 750ml Flasche &#187; StarCatering %-Shop\" \/>\n<meta property=\"og:description\" content=\"Chromstahlpflege D7.1 Diversey 750ml Flasche\" \/>\n<meta property=\"og:url\" content=\"https:\/\/www.starcatering.at\/shop\/produkt\/chromstahlpflege-d7-1-diversey-750ml-flasche\/\" \/>\n<meta property=\"og:site_name\" content=\"StarCatering %-Shop\" \/>\n<meta property=\"article:modified_time\" content=\"2025-03-24T22:09:29+00:00\" \/>\n<meta property=\"og:image\" content=\"https:\/\/www.starcatering.at\/shop\/wp-content\/uploads\/2023\/04\/Diversey-D71-Edelstahl.jpg\" \/>\n\t<meta property=\"og:image:width\" content=\"500\" \/>\n\t<meta property=\"og:image:height\" content=\"500\" \/>\n\t<meta property=\"og:image:type\" content=\"image\/jpeg\" \/>\n<meta name=\"twitter:card\" content=\"summary_large_image\" \/>\n<meta name=\"twitter:label1\" content=\"Gesch\u00e4tzte Lesezeit\" \/>\n\t<meta name=\"twitter:data1\" content=\"1\u00a0Minute\" \/>\n<script type=\"application\/ld+json\" class=\"yoast-schema-graph\">{\"@context\":\"https:\\\/\\\/schema.org\",\"@graph\":[{\"@type\":\"WebPage\",\"@id\":\"https:\\\/\\\/www.starcatering.at\\\/shop\\\/produkt\\\/chromstahlpflege-d7-1-diversey-750ml-flasche\\\/\",\"url\":\"https:\\\/\\\/www.starcatering.at\\\/shop\\\/produkt\\\/chromstahlpflege-d7-1-diversey-750ml-flasche\\\/\",\"name\":\"Chromstahlpflege D7.1 Diversey 750ml Flasche &#187; StarCatering %-Shop\",\"isPartOf\":{\"@id\":\"https:\\\/\\\/www.starcatering.at\\\/shop\\\/#website\"},\"primaryImageOfPage\":{\"@id\":\"https:\\\/\\\/www.starcatering.at\\\/shop\\\/produkt\\\/chromstahlpflege-d7-1-diversey-750ml-flasche\\\/#primaryimage\"},\"image\":{\"@id\":\"https:\\\/\\\/www.starcatering.at\\\/shop\\\/produkt\\\/chromstahlpflege-d7-1-diversey-750ml-flasche\\\/#primaryimage\"},\"thumbnailUrl\":\"https:\\\/\\\/www.starcatering.at\\\/shop\\\/wp-content\\\/uploads\\\/2023\\\/04\\\/Diversey-D71-Edelstahl.jpg\",\"datePublished\":\"2023-04-20T09:17:11+00:00\",\"dateModified\":\"2025-03-24T22:09:29+00:00\",\"description\":\"Chromstahlpflege D7.1 Diversey 750ml Flasche\",\"breadcrumb\":{\"@id\":\"https:\\\/\\\/www.starcatering.at\\\/shop\\\/produkt\\\/chromstahlpflege-d7-1-diversey-750ml-flasche\\\/#breadcrumb\"},\"inLanguage\":\"de\",\"potentialAction\":[{\"@type\":\"ReadAction\",\"target\":[\"https:\\\/\\\/www.starcatering.at\\\/shop\\\/produkt\\\/chromstahlpflege-d7-1-diversey-750ml-flasche\\\/\"]}]},{\"@type\":\"ImageObject\",\"inLanguage\":\"de\",\"@id\":\"https:\\\/\\\/www.starcatering.at\\\/shop\\\/produkt\\\/chromstahlpflege-d7-1-diversey-750ml-flasche\\\/#primaryimage\",\"url\":\"https:\\\/\\\/www.starcatering.at\\\/shop\\\/wp-content\\\/uploads\\\/2023\\\/04\\\/Diversey-D71-Edelstahl.jpg\",\"contentUrl\":\"https:\\\/\\\/www.starcatering.at\\\/shop\\\/wp-content\\\/uploads\\\/2023\\\/04\\\/Diversey-D71-Edelstahl.jpg\",\"width\":500,\"height\":500},{\"@type\":\"BreadcrumbList\",\"@id\":\"https:\\\/\\\/www.starcatering.at\\\/shop\\\/produkt\\\/chromstahlpflege-d7-1-diversey-750ml-flasche\\\/#breadcrumb\",\"itemListElement\":[{\"@type\":\"ListItem\",\"position\":1,\"name\":\"Startseite\",\"item\":\"https:\\\/\\\/www.starcatering.at\\\/shop\\\/\"},{\"@type\":\"ListItem\",\"position\":2,\"name\":\"Shop\",\"item\":\"https:\\\/\\\/www.starcatering.at\\\/shop\\\/shop\\\/\"},{\"@type\":\"ListItem\",\"position\":3,\"name\":\"Chromstahlpflege D7.1 Diversey 750ml Flasche\"}]},{\"@type\":\"WebSite\",\"@id\":\"https:\\\/\\\/www.starcatering.at\\\/shop\\\/#website\",\"url\":\"https:\\\/\\\/www.starcatering.at\\\/shop\\\/\",\"name\":\"Carnuntum Foods\",\"description\":\"Abverkaufsartikel\",\"publisher\":{\"@id\":\"https:\\\/\\\/www.starcatering.at\\\/shop\\\/#organization\"},\"potentialAction\":[{\"@type\":\"SearchAction\",\"target\":{\"@type\":\"EntryPoint\",\"urlTemplate\":\"https:\\\/\\\/www.starcatering.at\\\/shop\\\/?s={search_term_string}\"},\"query-input\":{\"@type\":\"PropertyValueSpecification\",\"valueRequired\":true,\"valueName\":\"search_term_string\"}}],\"inLanguage\":\"de\"},{\"@type\":\"Organization\",\"@id\":\"https:\\\/\\\/www.starcatering.at\\\/shop\\\/#organization\",\"name\":\"Carnuntumfoods\",\"url\":\"https:\\\/\\\/www.starcatering.at\\\/shop\\\/\",\"logo\":{\"@type\":\"ImageObject\",\"inLanguage\":\"de\",\"@id\":\"https:\\\/\\\/www.starcatering.at\\\/shop\\\/#\\\/schema\\\/logo\\\/image\\\/\",\"url\":\"https:\\\/\\\/www.starcatering.at\\\/shop\\\/wp-content\\\/uploads\\\/2021\\\/08\\\/cropped-logo.png\",\"contentUrl\":\"https:\\\/\\\/www.starcatering.at\\\/shop\\\/wp-content\\\/uploads\\\/2021\\\/08\\\/cropped-logo.png\",\"width\":512,\"height\":512,\"caption\":\"Carnuntumfoods\"},\"image\":{\"@id\":\"https:\\\/\\\/www.starcatering.at\\\/shop\\\/#\\\/schema\\\/logo\\\/image\\\/\"}}]}<\/script>\n<!-- \/ Yoast SEO plugin. -->","yoast_head_json":{"title":"Chromstahlpflege D7.1 Diversey 750ml Flasche &#187; StarCatering %-Shop","description":"Chromstahlpflege D7.1 Diversey 750ml Flasche","robots":{"index":"index","follow":"follow","max-snippet":"max-snippet:-1","max-image-preview":"max-image-preview:large","max-video-preview":"max-video-preview:-1"},"canonical":"https:\/\/www.starcatering.at\/shop\/produkt\/chromstahlpflege-d7-1-diversey-750ml-flasche\/","og_locale":"de_DE","og_type":"article","og_title":"Chromstahlpflege D7.1 Diversey 750ml Flasche &#187; StarCatering %-Shop","og_description":"Chromstahlpflege D7.1 Diversey 750ml Flasche","og_url":"https:\/\/www.starcatering.at\/shop\/produkt\/chromstahlpflege-d7-1-diversey-750ml-flasche\/","og_site_name":"StarCatering %-Shop","article_modified_time":"2025-03-24T22:09:29+00:00","og_image":[{"width":500,"height":500,"url":"https:\/\/www.starcatering.at\/shop\/wp-content\/uploads\/2023\/04\/Diversey-D71-Edelstahl.jpg","type":"image\/jpeg"}],"twitter_card":"summary_large_image","twitter_misc":{"Gesch\u00e4tzte Lesezeit":"1\u00a0Minute"},"schema":{"@context":"https:\/\/schema.org","@graph":[{"@type":"WebPage","@id":"https:\/\/www.starcatering.at\/shop\/produkt\/chromstahlpflege-d7-1-diversey-750ml-flasche\/","url":"https:\/\/www.starcatering.at\/shop\/produkt\/chromstahlpflege-d7-1-diversey-750ml-flasche\/","name":"Chromstahlpflege D7.1 Diversey 750ml Flasche &#187; StarCatering %-Shop","isPartOf":{"@id":"https:\/\/www.starcatering.at\/shop\/#website"},"primaryImageOfPage":{"@id":"https:\/\/www.starcatering.at\/shop\/produkt\/chromstahlpflege-d7-1-diversey-750ml-flasche\/#primaryimage"},"image":{"@id":"https:\/\/www.starcatering.at\/shop\/produkt\/chromstahlpflege-d7-1-diversey-750ml-flasche\/#primaryimage"},"thumbnailUrl":"https:\/\/www.starcatering.at\/shop\/wp-content\/uploads\/2023\/04\/Diversey-D71-Edelstahl.jpg","datePublished":"2023-04-20T09:17:11+00:00","dateModified":"2025-03-24T22:09:29+00:00","description":"Chromstahlpflege D7.1 Diversey 750ml Flasche","breadcrumb":{"@id":"https:\/\/www.starcatering.at\/shop\/produkt\/chromstahlpflege-d7-1-diversey-750ml-flasche\/#breadcrumb"},"inLanguage":"de","potentialAction":[{"@type":"ReadAction","target":["https:\/\/www.starcatering.at\/shop\/produkt\/chromstahlpflege-d7-1-diversey-750ml-flasche\/"]}]},{"@type":"ImageObject","inLanguage":"de","@id":"https:\/\/www.starcatering.at\/shop\/produkt\/chromstahlpflege-d7-1-diversey-750ml-flasche\/#primaryimage","url":"https:\/\/www.starcatering.at\/shop\/wp-content\/uploads\/2023\/04\/Diversey-D71-Edelstahl.jpg","contentUrl":"https:\/\/www.starcatering.at\/shop\/wp-content\/uploads\/2023\/04\/Diversey-D71-Edelstahl.jpg","width":500,"height":500},{"@type":"BreadcrumbList","@id":"https:\/\/www.starcatering.at\/shop\/produkt\/chromstahlpflege-d7-1-diversey-750ml-flasche\/#breadcrumb","itemListElement":[{"@type":"ListItem","position":1,"name":"Startseite","item":"https:\/\/www.starcatering.at\/shop\/"},{"@type":"ListItem","position":2,"name":"Shop","item":"https:\/\/www.starcatering.at\/shop\/shop\/"},{"@type":"ListItem","position":3,"name":"Chromstahlpflege D7.1 Diversey 750ml Flasche"}]},{"@type":"WebSite","@id":"https:\/\/www.starcatering.at\/shop\/#website","url":"https:\/\/www.starcatering.at\/shop\/","name":"Carnuntum Foods","description":"Abverkaufsartikel","publisher":{"@id":"https:\/\/www.starcatering.at\/shop\/#organization"},"potentialAction":[{"@type":"SearchAction","target":{"@type":"EntryPoint","urlTemplate":"https:\/\/www.starcatering.at\/shop\/?s={search_term_string}"},"query-input":{"@type":"PropertyValueSpecification","valueRequired":true,"valueName":"search_term_string"}}],"inLanguage":"de"},{"@type":"Organization","@id":"https:\/\/www.starcatering.at\/shop\/#organization","name":"Carnuntumfoods","url":"https:\/\/www.starcatering.at\/shop\/","logo":{"@type":"ImageObject","inLanguage":"de","@id":"https:\/\/www.starcatering.at\/shop\/#\/schema\/logo\/image\/","url":"https:\/\/www.starcatering.at\/shop\/wp-content\/uploads\/2021\/08\/cropped-logo.png","contentUrl":"https:\/\/www.starcatering.at\/shop\/wp-content\/uploads\/2021\/08\/cropped-logo.png","width":512,"height":512,"caption":"Carnuntumfoods"},"image":{"@id":"https:\/\/www.starcatering.at\/shop\/#\/schema\/logo\/image\/"}}]}},"_links":{"self":[{"href":"https:\/\/www.starcatering.at\/shop\/wp-json\/wp\/v2\/product\/9677","targetHints":{"allow":["GET"]}}],"collection":[{"href":"https:\/\/www.starcatering.at\/shop\/wp-json\/wp\/v2\/product"}],"about":[{"href":"https:\/\/www.starcatering.at\/shop\/wp-json\/wp\/v2\/types\/product"}],"replies":[{"embeddable":true,"href":"https:\/\/www.starcatering.at\/shop\/wp-json\/wp\/v2\/comments?post=9677"}],"wp:featuredmedia":[{"embeddable":true,"href":"https:\/\/www.starcatering.at\/shop\/wp-json\/wp\/v2\/media\/9678"}],"wp:attachment":[{"href":"https:\/\/www.starcatering.at\/shop\/wp-json\/wp\/v2\/media?parent=9677"}],"wp:term":[{"taxonomy":"product_brand","embeddable":true,"href":"https:\/\/www.starcatering.at\/shop\/wp-json\/wp\/v2\/product_brand?post=9677"},{"taxonomy":"product_cat","embeddable":true,"href":"https:\/\/www.starcatering.at\/shop\/wp-json\/wp\/v2\/product_cat?post=9677"},{"taxonomy":"product_tag","embeddable":true,"href":"https:\/\/www.starcatering.at\/shop\/wp-json\/wp\/v2\/product_tag?post=9677"}],"curies":[{"name":"wp","href":"https:\/\/api.w.org\/{rel}","templated":true}]}}