{"id":9681,"date":"2023-04-20T11:54:02","date_gmt":"2023-04-20T09:54:02","guid":{"rendered":"https:\/\/www.starcatering.at\/shop\/?post_type=product&#038;p=9681"},"modified":"2025-01-30T13:06:38","modified_gmt":"2025-01-30T12:06:38","slug":"klarspueler-diversey-a5-suma-rinse-20lt-kanister","status":"publish","type":"product","link":"https:\/\/www.starcatering.at\/shop\/produkt\/klarspueler-diversey-a5-suma-rinse-20lt-kanister\/","title":{"rendered":"Klarsp\u00fcler Diversey A5 Suma Rinse 20lt Kanister"},"content":{"rendered":"<p>Suma Rinse A5 ist ein schaumarmer, universell einsetzbarer Glanztrockner f\u00fcr Geschirrsp\u00fclmaschinen.<\/p>\n<p>Suma Rinse A5 ist ein neutraler maschineller Klarsp\u00fcler. Seine Inhaltstoffe wurden sorgf\u00e4ltig ausgew\u00e4hlt, um seine universelle Einsetzbarkeit in einer Vielzahl von Geschirrsp\u00fclmaschinen zu gew\u00e4hrleisten. Speziell aufeinander abgestimmte, nicht ionische Tenside stellen die schnelle, streifen- und fleckenfreie Trocknung aller Arten an Sp\u00fclgut bei weichem bis mittelhartem Wasser sicher.<\/p>\n<ul>\n<li>Gew\u00e4hrleistet die schnelle Trocknung des Sp\u00fclguts<\/li>\n<li>Trocknet das Sp\u00fclgut flecken- und streifenfrei<\/li>\n<li>Schaumd\u00e4mpfend, f\u00fcr effizienteren Einsatz<\/li>\n<\/ul>\n","protected":false},"excerpt":{"rendered":"<p><span style=\"color: #ff6600;\"><strong>Verkauf nur an gewerbliche\u00a0Anwender!<\/strong><\/span><\/p>\n","protected":false},"featured_media":9682,"comment_status":"open","ping_status":"closed","template":"","meta":{"_et_pb_use_builder":"","_et_pb_old_content":"","_et_gb_content_width":""},"product_brand":[],"product_cat":[688],"product_tag":[1636,777,1632,1505,1635],"class_list":{"0":"post-9681","1":"product","2":"type-product","3":"status-publish","4":"has-post-thumbnail","6":"product_cat-reinigung-hygiene","7":"product_tag-a5","8":"product_tag-diversey","9":"product_tag-klarspueler","10":"product_tag-maschine","11":"product_tag-rinse","12":"product_shipping_class-abholung","14":"first","15":"instock","16":"sale","17":"taxable","18":"shipping-taxable","19":"purchasable","20":"product-type-simple"},"yoast_head":"<!-- This site is optimized with the Yoast SEO plugin v27.5 - https:\/\/yoast.com\/product\/yoast-seo-wordpress\/ -->\n<title>Klarsp\u00fcler Diversey A5 Suma Rinse 20lt Kanister &#187; StarCatering %-Shop<\/title>\n<meta name=\"description\" content=\"Klarsp\u00fcler Diversey A5 Suma Rinse 20lt Kanister\" \/>\n<meta name=\"robots\" content=\"index, follow, max-snippet:-1, max-image-preview:large, max-video-preview:-1\" \/>\n<link rel=\"canonical\" href=\"https:\/\/www.starcatering.at\/shop\/produkt\/klarspueler-diversey-a5-suma-rinse-20lt-kanister\/\" \/>\n<meta property=\"og:locale\" content=\"de_DE\" \/>\n<meta property=\"og:type\" content=\"article\" \/>\n<meta property=\"og:title\" content=\"Klarsp\u00fcler Diversey A5 Suma Rinse 20lt Kanister &#187; StarCatering %-Shop\" \/>\n<meta property=\"og:description\" content=\"Klarsp\u00fcler Diversey A5 Suma Rinse 20lt Kanister\" \/>\n<meta property=\"og:url\" content=\"https:\/\/www.starcatering.at\/shop\/produkt\/klarspueler-diversey-a5-suma-rinse-20lt-kanister\/\" \/>\n<meta property=\"og:site_name\" content=\"StarCatering %-Shop\" \/>\n<meta property=\"article:modified_time\" content=\"2025-01-30T12:06:38+00:00\" \/>\n<meta property=\"og:image\" content=\"https:\/\/www.starcatering.at\/shop\/wp-content\/uploads\/2023\/04\/Diversey-A5-Klarspuler.jpg\" \/>\n\t<meta property=\"og:image:width\" content=\"500\" \/>\n\t<meta property=\"og:image:height\" content=\"500\" \/>\n\t<meta property=\"og:image:type\" content=\"image\/jpeg\" \/>\n<meta name=\"twitter:card\" content=\"summary_large_image\" \/>\n<meta name=\"twitter:label1\" content=\"Gesch\u00e4tzte Lesezeit\" \/>\n\t<meta name=\"twitter:data1\" content=\"1\u00a0Minute\" \/>\n<script type=\"application\/ld+json\" class=\"yoast-schema-graph\">{\"@context\":\"https:\\\/\\\/schema.org\",\"@graph\":[{\"@type\":\"WebPage\",\"@id\":\"https:\\\/\\\/www.starcatering.at\\\/shop\\\/produkt\\\/klarspueler-diversey-a5-suma-rinse-20lt-kanister\\\/\",\"url\":\"https:\\\/\\\/www.starcatering.at\\\/shop\\\/produkt\\\/klarspueler-diversey-a5-suma-rinse-20lt-kanister\\\/\",\"name\":\"Klarsp\u00fcler Diversey A5 Suma Rinse 20lt Kanister &#187; StarCatering %-Shop\",\"isPartOf\":{\"@id\":\"https:\\\/\\\/www.starcatering.at\\\/shop\\\/#website\"},\"primaryImageOfPage\":{\"@id\":\"https:\\\/\\\/www.starcatering.at\\\/shop\\\/produkt\\\/klarspueler-diversey-a5-suma-rinse-20lt-kanister\\\/#primaryimage\"},\"image\":{\"@id\":\"https:\\\/\\\/www.starcatering.at\\\/shop\\\/produkt\\\/klarspueler-diversey-a5-suma-rinse-20lt-kanister\\\/#primaryimage\"},\"thumbnailUrl\":\"https:\\\/\\\/www.starcatering.at\\\/shop\\\/wp-content\\\/uploads\\\/2023\\\/04\\\/Diversey-A5-Klarspuler.jpg\",\"datePublished\":\"2023-04-20T09:54:02+00:00\",\"dateModified\":\"2025-01-30T12:06:38+00:00\",\"description\":\"Klarsp\u00fcler Diversey A5 Suma Rinse 20lt Kanister\",\"breadcrumb\":{\"@id\":\"https:\\\/\\\/www.starcatering.at\\\/shop\\\/produkt\\\/klarspueler-diversey-a5-suma-rinse-20lt-kanister\\\/#breadcrumb\"},\"inLanguage\":\"de\",\"potentialAction\":[{\"@type\":\"ReadAction\",\"target\":[\"https:\\\/\\\/www.starcatering.at\\\/shop\\\/produkt\\\/klarspueler-diversey-a5-suma-rinse-20lt-kanister\\\/\"]}]},{\"@type\":\"ImageObject\",\"inLanguage\":\"de\",\"@id\":\"https:\\\/\\\/www.starcatering.at\\\/shop\\\/produkt\\\/klarspueler-diversey-a5-suma-rinse-20lt-kanister\\\/#primaryimage\",\"url\":\"https:\\\/\\\/www.starcatering.at\\\/shop\\\/wp-content\\\/uploads\\\/2023\\\/04\\\/Diversey-A5-Klarspuler.jpg\",\"contentUrl\":\"https:\\\/\\\/www.starcatering.at\\\/shop\\\/wp-content\\\/uploads\\\/2023\\\/04\\\/Diversey-A5-Klarspuler.jpg\",\"width\":500,\"height\":500},{\"@type\":\"BreadcrumbList\",\"@id\":\"https:\\\/\\\/www.starcatering.at\\\/shop\\\/produkt\\\/klarspueler-diversey-a5-suma-rinse-20lt-kanister\\\/#breadcrumb\",\"itemListElement\":[{\"@type\":\"ListItem\",\"position\":1,\"name\":\"Startseite\",\"item\":\"https:\\\/\\\/www.starcatering.at\\\/shop\\\/\"},{\"@type\":\"ListItem\",\"position\":2,\"name\":\"Shop\",\"item\":\"https:\\\/\\\/www.starcatering.at\\\/shop\\\/shop\\\/\"},{\"@type\":\"ListItem\",\"position\":3,\"name\":\"Klarsp\u00fcler Diversey A5 Suma Rinse 20lt Kanister\"}]},{\"@type\":\"WebSite\",\"@id\":\"https:\\\/\\\/www.starcatering.at\\\/shop\\\/#website\",\"url\":\"https:\\\/\\\/www.starcatering.at\\\/shop\\\/\",\"name\":\"Carnuntum Foods\",\"description\":\"Abverkaufsartikel\",\"publisher\":{\"@id\":\"https:\\\/\\\/www.starcatering.at\\\/shop\\\/#organization\"},\"potentialAction\":[{\"@type\":\"SearchAction\",\"target\":{\"@type\":\"EntryPoint\",\"urlTemplate\":\"https:\\\/\\\/www.starcatering.at\\\/shop\\\/?s={search_term_string}\"},\"query-input\":{\"@type\":\"PropertyValueSpecification\",\"valueRequired\":true,\"valueName\":\"search_term_string\"}}],\"inLanguage\":\"de\"},{\"@type\":\"Organization\",\"@id\":\"https:\\\/\\\/www.starcatering.at\\\/shop\\\/#organization\",\"name\":\"Carnuntumfoods\",\"url\":\"https:\\\/\\\/www.starcatering.at\\\/shop\\\/\",\"logo\":{\"@type\":\"ImageObject\",\"inLanguage\":\"de\",\"@id\":\"https:\\\/\\\/www.starcatering.at\\\/shop\\\/#\\\/schema\\\/logo\\\/image\\\/\",\"url\":\"https:\\\/\\\/www.starcatering.at\\\/shop\\\/wp-content\\\/uploads\\\/2021\\\/08\\\/cropped-logo.png\",\"contentUrl\":\"https:\\\/\\\/www.starcatering.at\\\/shop\\\/wp-content\\\/uploads\\\/2021\\\/08\\\/cropped-logo.png\",\"width\":512,\"height\":512,\"caption\":\"Carnuntumfoods\"},\"image\":{\"@id\":\"https:\\\/\\\/www.starcatering.at\\\/shop\\\/#\\\/schema\\\/logo\\\/image\\\/\"}}]}<\/script>\n<!-- \/ Yoast SEO plugin. -->","yoast_head_json":{"title":"Klarsp\u00fcler Diversey A5 Suma Rinse 20lt Kanister &#187; StarCatering %-Shop","description":"Klarsp\u00fcler Diversey A5 Suma Rinse 20lt Kanister","robots":{"index":"index","follow":"follow","max-snippet":"max-snippet:-1","max-image-preview":"max-image-preview:large","max-video-preview":"max-video-preview:-1"},"canonical":"https:\/\/www.starcatering.at\/shop\/produkt\/klarspueler-diversey-a5-suma-rinse-20lt-kanister\/","og_locale":"de_DE","og_type":"article","og_title":"Klarsp\u00fcler Diversey A5 Suma Rinse 20lt Kanister &#187; StarCatering %-Shop","og_description":"Klarsp\u00fcler Diversey A5 Suma Rinse 20lt Kanister","og_url":"https:\/\/www.starcatering.at\/shop\/produkt\/klarspueler-diversey-a5-suma-rinse-20lt-kanister\/","og_site_name":"StarCatering %-Shop","article_modified_time":"2025-01-30T12:06:38+00:00","og_image":[{"width":500,"height":500,"url":"https:\/\/www.starcatering.at\/shop\/wp-content\/uploads\/2023\/04\/Diversey-A5-Klarspuler.jpg","type":"image\/jpeg"}],"twitter_card":"summary_large_image","twitter_misc":{"Gesch\u00e4tzte Lesezeit":"1\u00a0Minute"},"schema":{"@context":"https:\/\/schema.org","@graph":[{"@type":"WebPage","@id":"https:\/\/www.starcatering.at\/shop\/produkt\/klarspueler-diversey-a5-suma-rinse-20lt-kanister\/","url":"https:\/\/www.starcatering.at\/shop\/produkt\/klarspueler-diversey-a5-suma-rinse-20lt-kanister\/","name":"Klarsp\u00fcler Diversey A5 Suma Rinse 20lt Kanister &#187; StarCatering %-Shop","isPartOf":{"@id":"https:\/\/www.starcatering.at\/shop\/#website"},"primaryImageOfPage":{"@id":"https:\/\/www.starcatering.at\/shop\/produkt\/klarspueler-diversey-a5-suma-rinse-20lt-kanister\/#primaryimage"},"image":{"@id":"https:\/\/www.starcatering.at\/shop\/produkt\/klarspueler-diversey-a5-suma-rinse-20lt-kanister\/#primaryimage"},"thumbnailUrl":"https:\/\/www.starcatering.at\/shop\/wp-content\/uploads\/2023\/04\/Diversey-A5-Klarspuler.jpg","datePublished":"2023-04-20T09:54:02+00:00","dateModified":"2025-01-30T12:06:38+00:00","description":"Klarsp\u00fcler Diversey A5 Suma Rinse 20lt Kanister","breadcrumb":{"@id":"https:\/\/www.starcatering.at\/shop\/produkt\/klarspueler-diversey-a5-suma-rinse-20lt-kanister\/#breadcrumb"},"inLanguage":"de","potentialAction":[{"@type":"ReadAction","target":["https:\/\/www.starcatering.at\/shop\/produkt\/klarspueler-diversey-a5-suma-rinse-20lt-kanister\/"]}]},{"@type":"ImageObject","inLanguage":"de","@id":"https:\/\/www.starcatering.at\/shop\/produkt\/klarspueler-diversey-a5-suma-rinse-20lt-kanister\/#primaryimage","url":"https:\/\/www.starcatering.at\/shop\/wp-content\/uploads\/2023\/04\/Diversey-A5-Klarspuler.jpg","contentUrl":"https:\/\/www.starcatering.at\/shop\/wp-content\/uploads\/2023\/04\/Diversey-A5-Klarspuler.jpg","width":500,"height":500},{"@type":"BreadcrumbList","@id":"https:\/\/www.starcatering.at\/shop\/produkt\/klarspueler-diversey-a5-suma-rinse-20lt-kanister\/#breadcrumb","itemListElement":[{"@type":"ListItem","position":1,"name":"Startseite","item":"https:\/\/www.starcatering.at\/shop\/"},{"@type":"ListItem","position":2,"name":"Shop","item":"https:\/\/www.starcatering.at\/shop\/shop\/"},{"@type":"ListItem","position":3,"name":"Klarsp\u00fcler Diversey A5 Suma Rinse 20lt Kanister"}]},{"@type":"WebSite","@id":"https:\/\/www.starcatering.at\/shop\/#website","url":"https:\/\/www.starcatering.at\/shop\/","name":"Carnuntum Foods","description":"Abverkaufsartikel","publisher":{"@id":"https:\/\/www.starcatering.at\/shop\/#organization"},"potentialAction":[{"@type":"SearchAction","target":{"@type":"EntryPoint","urlTemplate":"https:\/\/www.starcatering.at\/shop\/?s={search_term_string}"},"query-input":{"@type":"PropertyValueSpecification","valueRequired":true,"valueName":"search_term_string"}}],"inLanguage":"de"},{"@type":"Organization","@id":"https:\/\/www.starcatering.at\/shop\/#organization","name":"Carnuntumfoods","url":"https:\/\/www.starcatering.at\/shop\/","logo":{"@type":"ImageObject","inLanguage":"de","@id":"https:\/\/www.starcatering.at\/shop\/#\/schema\/logo\/image\/","url":"https:\/\/www.starcatering.at\/shop\/wp-content\/uploads\/2021\/08\/cropped-logo.png","contentUrl":"https:\/\/www.starcatering.at\/shop\/wp-content\/uploads\/2021\/08\/cropped-logo.png","width":512,"height":512,"caption":"Carnuntumfoods"},"image":{"@id":"https:\/\/www.starcatering.at\/shop\/#\/schema\/logo\/image\/"}}]}},"_links":{"self":[{"href":"https:\/\/www.starcatering.at\/shop\/wp-json\/wp\/v2\/product\/9681","targetHints":{"allow":["GET"]}}],"collection":[{"href":"https:\/\/www.starcatering.at\/shop\/wp-json\/wp\/v2\/product"}],"about":[{"href":"https:\/\/www.starcatering.at\/shop\/wp-json\/wp\/v2\/types\/product"}],"replies":[{"embeddable":true,"href":"https:\/\/www.starcatering.at\/shop\/wp-json\/wp\/v2\/comments?post=9681"}],"wp:featuredmedia":[{"embeddable":true,"href":"https:\/\/www.starcatering.at\/shop\/wp-json\/wp\/v2\/media\/9682"}],"wp:attachment":[{"href":"https:\/\/www.starcatering.at\/shop\/wp-json\/wp\/v2\/media?parent=9681"}],"wp:term":[{"taxonomy":"product_brand","embeddable":true,"href":"https:\/\/www.starcatering.at\/shop\/wp-json\/wp\/v2\/product_brand?post=9681"},{"taxonomy":"product_cat","embeddable":true,"href":"https:\/\/www.starcatering.at\/shop\/wp-json\/wp\/v2\/product_cat?post=9681"},{"taxonomy":"product_tag","embeddable":true,"href":"https:\/\/www.starcatering.at\/shop\/wp-json\/wp\/v2\/product_tag?post=9681"}],"curies":[{"name":"wp","href":"https:\/\/api.w.org\/{rel}","templated":true}]}}