{"id":9684,"date":"2023-04-20T12:02:03","date_gmt":"2023-04-20T10:02:03","guid":{"rendered":"https:\/\/www.starcatering.at\/shop\/?post_type=product&#038;p=9684"},"modified":"2024-03-27T23:00:28","modified_gmt":"2024-03-27T22:00:28","slug":"universalreiniger-diversey-d2-suma-multi-2lt-flasche","status":"publish","type":"product","link":"https:\/\/www.starcatering.at\/shop\/produkt\/universalreiniger-diversey-d2-suma-multi-2lt-flasche\/","title":{"rendered":"Universalreiniger Diversey D2 Suma Multi 2lt. Flasche"},"content":{"rendered":"<p><strong>Produktbeschreibung<\/strong><br \/>\nSuma Multi D2 ist ein konzentrierter Universalreiniger f\u00fcr die Reinigung aller<br \/>\nK\u00fcchenoberfl\u00e4chen einschlie\u00dflich Fu\u00dfb\u00f6den, W\u00e4nden, T\u00fcren, Decken und<br \/>\nallgemeinen Ger\u00e4ten in lebensmittelproduzierenden und -verarbeitenden<br \/>\nUnternehmen.<\/p>\n<p><strong>Eigenschaften<\/strong><br \/>\nSuma Multi D2 ist ein mildalkalischer fl\u00fcssiger Reiniger f\u00fcr die manuelle<br \/>\nReinigung aller K\u00fcchenoberfl\u00e4chen. Suma Multi D2 basiert auf einer optimalen<br \/>\nKombination von anionischen sowie nichtionischen Tensiden und Alkalit\u00e4t, die<br \/>\nein schnelles Entfernen von Fett und angetrockneten Speiseresten gew\u00e4hrt. Ein<br \/>\nKomplexbildner in der Formulierung sorgt daf\u00fcr, dass das Produkt in allen<br \/>\nWasserh\u00e4rtebereichen eingesetzt werden kann, gleichsam unterst\u00fctzt er die<br \/>\nReinigungsleistung.<\/p>\n<p><strong>Vorteile<\/strong><br \/>\n\u2022 Strahlend saubere Oberfl\u00e4chen durch schnelles L\u00f6sen von Fett und angetrockneten Speiseresten<br \/>\n\u2022 Universeller Einsatzbereich, ausgenommen auf poliertem Aluminium<br \/>\n\u2022 Exzellente Wirtschaftlichkeit durch konzentriertes Produkt<\/p>\n","protected":false},"excerpt":{"rendered":"<p>Produktbeschreibung Suma Multi D2 ist ein konzentrierter Universalreiniger f\u00fcr die Reinigung aller K\u00fcchenoberfl\u00e4chen einschlie\u00dflich Fu\u00dfb\u00f6den, W\u00e4nden, T\u00fcren, Decken und allgemeinen Ger\u00e4ten in lebensmittelproduzierenden und -verarbeitenden Unternehmen. Eigenschaften Suma Multi D2 ist ein mildalkalischer fl\u00fcssiger Reiniger f\u00fcr die manuelle Reinigung aller K\u00fcchenoberfl\u00e4chen. Suma Multi D2 basiert auf einer optimalen Kombination von anionischen sowie nichtionischen Tensiden und [&hellip;]<\/p>\n","protected":false},"featured_media":9685,"comment_status":"open","ping_status":"closed","template":"","meta":{"_et_pb_use_builder":"","_et_pb_old_content":"","_et_gb_content_width":""},"product_brand":[],"product_cat":[688],"product_tag":[1637,777,766,1346],"class_list":{"0":"post-9684","1":"product","2":"type-product","3":"status-publish","4":"has-post-thumbnail","6":"product_cat-reinigung-hygiene","7":"product_tag-d2","8":"product_tag-diversey","9":"product_tag-reiniger","10":"product_tag-universal","12":"first","13":"instock","14":"sale","15":"taxable","16":"shipping-taxable","17":"purchasable","18":"product-type-simple"},"yoast_head":"<!-- This site is optimized with the Yoast SEO plugin v27.5 - https:\/\/yoast.com\/product\/yoast-seo-wordpress\/ -->\n<title>Universalreiniger Diversey D2 Suma Multi 2lt. Flasche &#187; StarCatering %-Shop<\/title>\n<meta name=\"description\" content=\"Universalreiniger Diversey D2 Suma Multi 2lt. Flasche\" \/>\n<meta name=\"robots\" content=\"index, follow, max-snippet:-1, max-image-preview:large, max-video-preview:-1\" \/>\n<link rel=\"canonical\" href=\"https:\/\/www.starcatering.at\/shop\/produkt\/universalreiniger-diversey-d2-suma-multi-2lt-flasche\/\" \/>\n<meta property=\"og:locale\" content=\"de_DE\" \/>\n<meta property=\"og:type\" content=\"article\" \/>\n<meta property=\"og:title\" content=\"Universalreiniger Diversey D2 Suma Multi 2lt. Flasche &#187; StarCatering %-Shop\" \/>\n<meta property=\"og:description\" content=\"Universalreiniger Diversey D2 Suma Multi 2lt. Flasche\" \/>\n<meta property=\"og:url\" content=\"https:\/\/www.starcatering.at\/shop\/produkt\/universalreiniger-diversey-d2-suma-multi-2lt-flasche\/\" \/>\n<meta property=\"og:site_name\" content=\"StarCatering %-Shop\" \/>\n<meta property=\"article:modified_time\" content=\"2024-03-27T22:00:28+00:00\" \/>\n<meta property=\"og:image\" content=\"https:\/\/www.starcatering.at\/shop\/wp-content\/uploads\/2023\/04\/Diversey-D2-Multi.jpg\" \/>\n\t<meta property=\"og:image:width\" content=\"500\" \/>\n\t<meta property=\"og:image:height\" content=\"500\" \/>\n\t<meta property=\"og:image:type\" content=\"image\/jpeg\" \/>\n<meta name=\"twitter:card\" content=\"summary_large_image\" \/>\n<meta name=\"twitter:label1\" content=\"Gesch\u00e4tzte Lesezeit\" \/>\n\t<meta name=\"twitter:data1\" content=\"1\u00a0Minute\" \/>\n<script type=\"application\/ld+json\" class=\"yoast-schema-graph\">{\"@context\":\"https:\\\/\\\/schema.org\",\"@graph\":[{\"@type\":\"WebPage\",\"@id\":\"https:\\\/\\\/www.starcatering.at\\\/shop\\\/produkt\\\/universalreiniger-diversey-d2-suma-multi-2lt-flasche\\\/\",\"url\":\"https:\\\/\\\/www.starcatering.at\\\/shop\\\/produkt\\\/universalreiniger-diversey-d2-suma-multi-2lt-flasche\\\/\",\"name\":\"Universalreiniger Diversey D2 Suma Multi 2lt. Flasche &#187; StarCatering %-Shop\",\"isPartOf\":{\"@id\":\"https:\\\/\\\/www.starcatering.at\\\/shop\\\/#website\"},\"primaryImageOfPage\":{\"@id\":\"https:\\\/\\\/www.starcatering.at\\\/shop\\\/produkt\\\/universalreiniger-diversey-d2-suma-multi-2lt-flasche\\\/#primaryimage\"},\"image\":{\"@id\":\"https:\\\/\\\/www.starcatering.at\\\/shop\\\/produkt\\\/universalreiniger-diversey-d2-suma-multi-2lt-flasche\\\/#primaryimage\"},\"thumbnailUrl\":\"https:\\\/\\\/www.starcatering.at\\\/shop\\\/wp-content\\\/uploads\\\/2023\\\/04\\\/Diversey-D2-Multi.jpg\",\"datePublished\":\"2023-04-20T10:02:03+00:00\",\"dateModified\":\"2024-03-27T22:00:28+00:00\",\"description\":\"Universalreiniger Diversey D2 Suma Multi 2lt. Flasche\",\"breadcrumb\":{\"@id\":\"https:\\\/\\\/www.starcatering.at\\\/shop\\\/produkt\\\/universalreiniger-diversey-d2-suma-multi-2lt-flasche\\\/#breadcrumb\"},\"inLanguage\":\"de\",\"potentialAction\":[{\"@type\":\"ReadAction\",\"target\":[\"https:\\\/\\\/www.starcatering.at\\\/shop\\\/produkt\\\/universalreiniger-diversey-d2-suma-multi-2lt-flasche\\\/\"]}]},{\"@type\":\"ImageObject\",\"inLanguage\":\"de\",\"@id\":\"https:\\\/\\\/www.starcatering.at\\\/shop\\\/produkt\\\/universalreiniger-diversey-d2-suma-multi-2lt-flasche\\\/#primaryimage\",\"url\":\"https:\\\/\\\/www.starcatering.at\\\/shop\\\/wp-content\\\/uploads\\\/2023\\\/04\\\/Diversey-D2-Multi.jpg\",\"contentUrl\":\"https:\\\/\\\/www.starcatering.at\\\/shop\\\/wp-content\\\/uploads\\\/2023\\\/04\\\/Diversey-D2-Multi.jpg\",\"width\":500,\"height\":500},{\"@type\":\"BreadcrumbList\",\"@id\":\"https:\\\/\\\/www.starcatering.at\\\/shop\\\/produkt\\\/universalreiniger-diversey-d2-suma-multi-2lt-flasche\\\/#breadcrumb\",\"itemListElement\":[{\"@type\":\"ListItem\",\"position\":1,\"name\":\"Startseite\",\"item\":\"https:\\\/\\\/www.starcatering.at\\\/shop\\\/\"},{\"@type\":\"ListItem\",\"position\":2,\"name\":\"Shop\",\"item\":\"https:\\\/\\\/www.starcatering.at\\\/shop\\\/shop\\\/\"},{\"@type\":\"ListItem\",\"position\":3,\"name\":\"Universalreiniger Diversey D2 Suma Multi 2lt. Flasche\"}]},{\"@type\":\"WebSite\",\"@id\":\"https:\\\/\\\/www.starcatering.at\\\/shop\\\/#website\",\"url\":\"https:\\\/\\\/www.starcatering.at\\\/shop\\\/\",\"name\":\"Carnuntum Foods\",\"description\":\"Abverkaufsartikel\",\"publisher\":{\"@id\":\"https:\\\/\\\/www.starcatering.at\\\/shop\\\/#organization\"},\"potentialAction\":[{\"@type\":\"SearchAction\",\"target\":{\"@type\":\"EntryPoint\",\"urlTemplate\":\"https:\\\/\\\/www.starcatering.at\\\/shop\\\/?s={search_term_string}\"},\"query-input\":{\"@type\":\"PropertyValueSpecification\",\"valueRequired\":true,\"valueName\":\"search_term_string\"}}],\"inLanguage\":\"de\"},{\"@type\":\"Organization\",\"@id\":\"https:\\\/\\\/www.starcatering.at\\\/shop\\\/#organization\",\"name\":\"Carnuntumfoods\",\"url\":\"https:\\\/\\\/www.starcatering.at\\\/shop\\\/\",\"logo\":{\"@type\":\"ImageObject\",\"inLanguage\":\"de\",\"@id\":\"https:\\\/\\\/www.starcatering.at\\\/shop\\\/#\\\/schema\\\/logo\\\/image\\\/\",\"url\":\"https:\\\/\\\/www.starcatering.at\\\/shop\\\/wp-content\\\/uploads\\\/2021\\\/08\\\/cropped-logo.png\",\"contentUrl\":\"https:\\\/\\\/www.starcatering.at\\\/shop\\\/wp-content\\\/uploads\\\/2021\\\/08\\\/cropped-logo.png\",\"width\":512,\"height\":512,\"caption\":\"Carnuntumfoods\"},\"image\":{\"@id\":\"https:\\\/\\\/www.starcatering.at\\\/shop\\\/#\\\/schema\\\/logo\\\/image\\\/\"}}]}<\/script>\n<!-- \/ Yoast SEO plugin. -->","yoast_head_json":{"title":"Universalreiniger Diversey D2 Suma Multi 2lt. Flasche &#187; StarCatering %-Shop","description":"Universalreiniger Diversey D2 Suma Multi 2lt. Flasche","robots":{"index":"index","follow":"follow","max-snippet":"max-snippet:-1","max-image-preview":"max-image-preview:large","max-video-preview":"max-video-preview:-1"},"canonical":"https:\/\/www.starcatering.at\/shop\/produkt\/universalreiniger-diversey-d2-suma-multi-2lt-flasche\/","og_locale":"de_DE","og_type":"article","og_title":"Universalreiniger Diversey D2 Suma Multi 2lt. Flasche &#187; StarCatering %-Shop","og_description":"Universalreiniger Diversey D2 Suma Multi 2lt. Flasche","og_url":"https:\/\/www.starcatering.at\/shop\/produkt\/universalreiniger-diversey-d2-suma-multi-2lt-flasche\/","og_site_name":"StarCatering %-Shop","article_modified_time":"2024-03-27T22:00:28+00:00","og_image":[{"width":500,"height":500,"url":"https:\/\/www.starcatering.at\/shop\/wp-content\/uploads\/2023\/04\/Diversey-D2-Multi.jpg","type":"image\/jpeg"}],"twitter_card":"summary_large_image","twitter_misc":{"Gesch\u00e4tzte Lesezeit":"1\u00a0Minute"},"schema":{"@context":"https:\/\/schema.org","@graph":[{"@type":"WebPage","@id":"https:\/\/www.starcatering.at\/shop\/produkt\/universalreiniger-diversey-d2-suma-multi-2lt-flasche\/","url":"https:\/\/www.starcatering.at\/shop\/produkt\/universalreiniger-diversey-d2-suma-multi-2lt-flasche\/","name":"Universalreiniger Diversey D2 Suma Multi 2lt. Flasche &#187; StarCatering %-Shop","isPartOf":{"@id":"https:\/\/www.starcatering.at\/shop\/#website"},"primaryImageOfPage":{"@id":"https:\/\/www.starcatering.at\/shop\/produkt\/universalreiniger-diversey-d2-suma-multi-2lt-flasche\/#primaryimage"},"image":{"@id":"https:\/\/www.starcatering.at\/shop\/produkt\/universalreiniger-diversey-d2-suma-multi-2lt-flasche\/#primaryimage"},"thumbnailUrl":"https:\/\/www.starcatering.at\/shop\/wp-content\/uploads\/2023\/04\/Diversey-D2-Multi.jpg","datePublished":"2023-04-20T10:02:03+00:00","dateModified":"2024-03-27T22:00:28+00:00","description":"Universalreiniger Diversey D2 Suma Multi 2lt. Flasche","breadcrumb":{"@id":"https:\/\/www.starcatering.at\/shop\/produkt\/universalreiniger-diversey-d2-suma-multi-2lt-flasche\/#breadcrumb"},"inLanguage":"de","potentialAction":[{"@type":"ReadAction","target":["https:\/\/www.starcatering.at\/shop\/produkt\/universalreiniger-diversey-d2-suma-multi-2lt-flasche\/"]}]},{"@type":"ImageObject","inLanguage":"de","@id":"https:\/\/www.starcatering.at\/shop\/produkt\/universalreiniger-diversey-d2-suma-multi-2lt-flasche\/#primaryimage","url":"https:\/\/www.starcatering.at\/shop\/wp-content\/uploads\/2023\/04\/Diversey-D2-Multi.jpg","contentUrl":"https:\/\/www.starcatering.at\/shop\/wp-content\/uploads\/2023\/04\/Diversey-D2-Multi.jpg","width":500,"height":500},{"@type":"BreadcrumbList","@id":"https:\/\/www.starcatering.at\/shop\/produkt\/universalreiniger-diversey-d2-suma-multi-2lt-flasche\/#breadcrumb","itemListElement":[{"@type":"ListItem","position":1,"name":"Startseite","item":"https:\/\/www.starcatering.at\/shop\/"},{"@type":"ListItem","position":2,"name":"Shop","item":"https:\/\/www.starcatering.at\/shop\/shop\/"},{"@type":"ListItem","position":3,"name":"Universalreiniger Diversey D2 Suma Multi 2lt. Flasche"}]},{"@type":"WebSite","@id":"https:\/\/www.starcatering.at\/shop\/#website","url":"https:\/\/www.starcatering.at\/shop\/","name":"Carnuntum Foods","description":"Abverkaufsartikel","publisher":{"@id":"https:\/\/www.starcatering.at\/shop\/#organization"},"potentialAction":[{"@type":"SearchAction","target":{"@type":"EntryPoint","urlTemplate":"https:\/\/www.starcatering.at\/shop\/?s={search_term_string}"},"query-input":{"@type":"PropertyValueSpecification","valueRequired":true,"valueName":"search_term_string"}}],"inLanguage":"de"},{"@type":"Organization","@id":"https:\/\/www.starcatering.at\/shop\/#organization","name":"Carnuntumfoods","url":"https:\/\/www.starcatering.at\/shop\/","logo":{"@type":"ImageObject","inLanguage":"de","@id":"https:\/\/www.starcatering.at\/shop\/#\/schema\/logo\/image\/","url":"https:\/\/www.starcatering.at\/shop\/wp-content\/uploads\/2021\/08\/cropped-logo.png","contentUrl":"https:\/\/www.starcatering.at\/shop\/wp-content\/uploads\/2021\/08\/cropped-logo.png","width":512,"height":512,"caption":"Carnuntumfoods"},"image":{"@id":"https:\/\/www.starcatering.at\/shop\/#\/schema\/logo\/image\/"}}]}},"_links":{"self":[{"href":"https:\/\/www.starcatering.at\/shop\/wp-json\/wp\/v2\/product\/9684","targetHints":{"allow":["GET"]}}],"collection":[{"href":"https:\/\/www.starcatering.at\/shop\/wp-json\/wp\/v2\/product"}],"about":[{"href":"https:\/\/www.starcatering.at\/shop\/wp-json\/wp\/v2\/types\/product"}],"replies":[{"embeddable":true,"href":"https:\/\/www.starcatering.at\/shop\/wp-json\/wp\/v2\/comments?post=9684"}],"wp:featuredmedia":[{"embeddable":true,"href":"https:\/\/www.starcatering.at\/shop\/wp-json\/wp\/v2\/media\/9685"}],"wp:attachment":[{"href":"https:\/\/www.starcatering.at\/shop\/wp-json\/wp\/v2\/media?parent=9684"}],"wp:term":[{"taxonomy":"product_brand","embeddable":true,"href":"https:\/\/www.starcatering.at\/shop\/wp-json\/wp\/v2\/product_brand?post=9684"},{"taxonomy":"product_cat","embeddable":true,"href":"https:\/\/www.starcatering.at\/shop\/wp-json\/wp\/v2\/product_cat?post=9684"},{"taxonomy":"product_tag","embeddable":true,"href":"https:\/\/www.starcatering.at\/shop\/wp-json\/wp\/v2\/product_tag?post=9684"}],"curies":[{"name":"wp","href":"https:\/\/api.w.org\/{rel}","templated":true}]}}