{"id":9705,"date":"2023-04-21T21:09:34","date_gmt":"2023-04-21T19:09:34","guid":{"rendered":"https:\/\/www.starcatering.at\/shop\/?post_type=product&#038;p=9705"},"modified":"2025-03-24T23:07:16","modified_gmt":"2025-03-24T22:07:16","slug":"glas-universalreiniger-diversey-d6-5lt-kanister","status":"publish","type":"product","link":"https:\/\/www.starcatering.at\/shop\/produkt\/glas-universalreiniger-diversey-d6-5lt-kanister\/","title":{"rendered":"Glas-Universalreiniger Diversey D6 5lt Kanister"},"content":{"rendered":"<p>Suma Rapid D6 ist ein gebrauchsfertiger Spr\u00fchreiniger f\u00fcr die streifenfreie Reinigung von Glas und anderen wasserfesten Oberfl\u00e4chen.<\/p>\n<p>Suma Rapid D6 ist ein gebrauchsfertiger Spr\u00fchreiniger f\u00fcr die exzellente Entfernung von Fingerabdr\u00fccken sowie anderen leicht haftenden Verschmutzungen und eignet sich hervorragend auf diversen wasserfesten, harten Fl\u00e4chen wie z.B. Fenster, Spiegel, Keramik und Kunststoff. Aufspr\u00fchen &#8211; wegwischen &#8211; fertig<\/p>\n<ul>\n<li>pH-Wert neutral<\/li>\n<li>Schnelltrocknend<\/li>\n<li>Streifenfreies Trocknen<\/li>\n<li>Angenehmer, frischer Duft<\/li>\n<\/ul>\n","protected":false},"excerpt":{"rendered":"<p>Suma Rapid D6 ist ein gebrauchsfertiger Spr\u00fchreiniger f\u00fcr die streifenfreie Reinigung von Glas und anderen wasserfesten Oberfl\u00e4chen. Suma Rapid D6 ist ein gebrauchsfertiger Spr\u00fchreiniger f\u00fcr die exzellente Entfernung von Fingerabdr\u00fccken sowie anderen leicht haftenden Verschmutzungen und eignet sich hervorragend auf diversen wasserfesten, harten Fl\u00e4chen wie z.B. Fenster, Spiegel, Keramik und Kunststoff. Aufspr\u00fchen &#8211; wegwischen &#8211; [&hellip;]<\/p>\n","protected":false},"featured_media":9706,"comment_status":"open","ping_status":"closed","template":"","meta":{"_et_pb_use_builder":"","_et_pb_old_content":"","_et_gb_content_width":""},"product_brand":[],"product_cat":[688],"product_tag":[1647,777,1646,767],"class_list":{"0":"post-9705","1":"product","2":"type-product","3":"status-publish","4":"has-post-thumbnail","6":"product_cat-reinigung-hygiene","7":"product_tag-d6","8":"product_tag-diversey","9":"product_tag-glasreiniger","10":"product_tag-putzmittel","12":"first","13":"instock","14":"sale","15":"taxable","16":"shipping-taxable","17":"purchasable","18":"product-type-simple"},"yoast_head":"<!-- This site is optimized with the Yoast SEO plugin v27.5 - https:\/\/yoast.com\/product\/yoast-seo-wordpress\/ -->\n<title>Glas-Universalreiniger Diversey D6 5lt Kanister &#187; StarCatering %-Shop<\/title>\n<meta name=\"description\" content=\"Glas-Universalreiniger Diversey D6 5lt Kanister\" \/>\n<meta name=\"robots\" content=\"index, follow, max-snippet:-1, max-image-preview:large, max-video-preview:-1\" \/>\n<link rel=\"canonical\" href=\"https:\/\/www.starcatering.at\/shop\/produkt\/glas-universalreiniger-diversey-d6-5lt-kanister\/\" \/>\n<meta property=\"og:locale\" content=\"de_DE\" \/>\n<meta property=\"og:type\" content=\"article\" \/>\n<meta property=\"og:title\" content=\"Glas-Universalreiniger Diversey D6 5lt Kanister\" \/>\n<meta property=\"og:description\" content=\"Glas-Universalreiniger Diversey D6 5lt Kanister\" \/>\n<meta property=\"og:url\" content=\"https:\/\/www.starcatering.at\/shop\/produkt\/glas-universalreiniger-diversey-d6-5lt-kanister\/\" \/>\n<meta property=\"og:site_name\" content=\"StarCatering %-Shop\" \/>\n<meta property=\"article:modified_time\" content=\"2025-03-24T22:07:16+00:00\" \/>\n<meta property=\"og:image\" content=\"https:\/\/www.starcatering.at\/shop\/wp-content\/uploads\/2023\/04\/Diversey-D6-5l.jpg\" \/>\n\t<meta property=\"og:image:width\" content=\"500\" \/>\n\t<meta property=\"og:image:height\" content=\"500\" \/>\n\t<meta property=\"og:image:type\" content=\"image\/jpeg\" \/>\n<meta name=\"twitter:card\" content=\"summary_large_image\" \/>\n<meta name=\"twitter:label1\" content=\"Gesch\u00e4tzte Lesezeit\" \/>\n\t<meta name=\"twitter:data1\" content=\"1\u00a0Minute\" \/>\n<script type=\"application\/ld+json\" class=\"yoast-schema-graph\">{\"@context\":\"https:\\\/\\\/schema.org\",\"@graph\":[{\"@type\":\"WebPage\",\"@id\":\"https:\\\/\\\/www.starcatering.at\\\/shop\\\/produkt\\\/glas-universalreiniger-diversey-d6-5lt-kanister\\\/\",\"url\":\"https:\\\/\\\/www.starcatering.at\\\/shop\\\/produkt\\\/glas-universalreiniger-diversey-d6-5lt-kanister\\\/\",\"name\":\"Glas-Universalreiniger Diversey D6 5lt Kanister &#187; StarCatering %-Shop\",\"isPartOf\":{\"@id\":\"https:\\\/\\\/www.starcatering.at\\\/shop\\\/#website\"},\"primaryImageOfPage\":{\"@id\":\"https:\\\/\\\/www.starcatering.at\\\/shop\\\/produkt\\\/glas-universalreiniger-diversey-d6-5lt-kanister\\\/#primaryimage\"},\"image\":{\"@id\":\"https:\\\/\\\/www.starcatering.at\\\/shop\\\/produkt\\\/glas-universalreiniger-diversey-d6-5lt-kanister\\\/#primaryimage\"},\"thumbnailUrl\":\"https:\\\/\\\/www.starcatering.at\\\/shop\\\/wp-content\\\/uploads\\\/2023\\\/04\\\/Diversey-D6-5l.jpg\",\"datePublished\":\"2023-04-21T19:09:34+00:00\",\"dateModified\":\"2025-03-24T22:07:16+00:00\",\"description\":\"Glas-Universalreiniger Diversey D6 5lt Kanister\",\"breadcrumb\":{\"@id\":\"https:\\\/\\\/www.starcatering.at\\\/shop\\\/produkt\\\/glas-universalreiniger-diversey-d6-5lt-kanister\\\/#breadcrumb\"},\"inLanguage\":\"de\",\"potentialAction\":[{\"@type\":\"ReadAction\",\"target\":[\"https:\\\/\\\/www.starcatering.at\\\/shop\\\/produkt\\\/glas-universalreiniger-diversey-d6-5lt-kanister\\\/\"]}]},{\"@type\":\"ImageObject\",\"inLanguage\":\"de\",\"@id\":\"https:\\\/\\\/www.starcatering.at\\\/shop\\\/produkt\\\/glas-universalreiniger-diversey-d6-5lt-kanister\\\/#primaryimage\",\"url\":\"https:\\\/\\\/www.starcatering.at\\\/shop\\\/wp-content\\\/uploads\\\/2023\\\/04\\\/Diversey-D6-5l.jpg\",\"contentUrl\":\"https:\\\/\\\/www.starcatering.at\\\/shop\\\/wp-content\\\/uploads\\\/2023\\\/04\\\/Diversey-D6-5l.jpg\",\"width\":500,\"height\":500},{\"@type\":\"BreadcrumbList\",\"@id\":\"https:\\\/\\\/www.starcatering.at\\\/shop\\\/produkt\\\/glas-universalreiniger-diversey-d6-5lt-kanister\\\/#breadcrumb\",\"itemListElement\":[{\"@type\":\"ListItem\",\"position\":1,\"name\":\"Startseite\",\"item\":\"https:\\\/\\\/www.starcatering.at\\\/shop\\\/\"},{\"@type\":\"ListItem\",\"position\":2,\"name\":\"Shop\",\"item\":\"https:\\\/\\\/www.starcatering.at\\\/shop\\\/shop\\\/\"},{\"@type\":\"ListItem\",\"position\":3,\"name\":\"Glas-Universalreiniger Diversey D6 5lt Kanister\"}]},{\"@type\":\"WebSite\",\"@id\":\"https:\\\/\\\/www.starcatering.at\\\/shop\\\/#website\",\"url\":\"https:\\\/\\\/www.starcatering.at\\\/shop\\\/\",\"name\":\"Carnuntum Foods\",\"description\":\"Abverkaufsartikel\",\"publisher\":{\"@id\":\"https:\\\/\\\/www.starcatering.at\\\/shop\\\/#organization\"},\"potentialAction\":[{\"@type\":\"SearchAction\",\"target\":{\"@type\":\"EntryPoint\",\"urlTemplate\":\"https:\\\/\\\/www.starcatering.at\\\/shop\\\/?s={search_term_string}\"},\"query-input\":{\"@type\":\"PropertyValueSpecification\",\"valueRequired\":true,\"valueName\":\"search_term_string\"}}],\"inLanguage\":\"de\"},{\"@type\":\"Organization\",\"@id\":\"https:\\\/\\\/www.starcatering.at\\\/shop\\\/#organization\",\"name\":\"Carnuntumfoods\",\"url\":\"https:\\\/\\\/www.starcatering.at\\\/shop\\\/\",\"logo\":{\"@type\":\"ImageObject\",\"inLanguage\":\"de\",\"@id\":\"https:\\\/\\\/www.starcatering.at\\\/shop\\\/#\\\/schema\\\/logo\\\/image\\\/\",\"url\":\"https:\\\/\\\/www.starcatering.at\\\/shop\\\/wp-content\\\/uploads\\\/2021\\\/08\\\/cropped-logo.png\",\"contentUrl\":\"https:\\\/\\\/www.starcatering.at\\\/shop\\\/wp-content\\\/uploads\\\/2021\\\/08\\\/cropped-logo.png\",\"width\":512,\"height\":512,\"caption\":\"Carnuntumfoods\"},\"image\":{\"@id\":\"https:\\\/\\\/www.starcatering.at\\\/shop\\\/#\\\/schema\\\/logo\\\/image\\\/\"}}]}<\/script>\n<!-- \/ Yoast SEO plugin. -->","yoast_head_json":{"title":"Glas-Universalreiniger Diversey D6 5lt Kanister &#187; StarCatering %-Shop","description":"Glas-Universalreiniger Diversey D6 5lt Kanister","robots":{"index":"index","follow":"follow","max-snippet":"max-snippet:-1","max-image-preview":"max-image-preview:large","max-video-preview":"max-video-preview:-1"},"canonical":"https:\/\/www.starcatering.at\/shop\/produkt\/glas-universalreiniger-diversey-d6-5lt-kanister\/","og_locale":"de_DE","og_type":"article","og_title":"Glas-Universalreiniger Diversey D6 5lt Kanister","og_description":"Glas-Universalreiniger Diversey D6 5lt Kanister","og_url":"https:\/\/www.starcatering.at\/shop\/produkt\/glas-universalreiniger-diversey-d6-5lt-kanister\/","og_site_name":"StarCatering %-Shop","article_modified_time":"2025-03-24T22:07:16+00:00","og_image":[{"width":500,"height":500,"url":"https:\/\/www.starcatering.at\/shop\/wp-content\/uploads\/2023\/04\/Diversey-D6-5l.jpg","type":"image\/jpeg"}],"twitter_card":"summary_large_image","twitter_misc":{"Gesch\u00e4tzte Lesezeit":"1\u00a0Minute"},"schema":{"@context":"https:\/\/schema.org","@graph":[{"@type":"WebPage","@id":"https:\/\/www.starcatering.at\/shop\/produkt\/glas-universalreiniger-diversey-d6-5lt-kanister\/","url":"https:\/\/www.starcatering.at\/shop\/produkt\/glas-universalreiniger-diversey-d6-5lt-kanister\/","name":"Glas-Universalreiniger Diversey D6 5lt Kanister &#187; StarCatering %-Shop","isPartOf":{"@id":"https:\/\/www.starcatering.at\/shop\/#website"},"primaryImageOfPage":{"@id":"https:\/\/www.starcatering.at\/shop\/produkt\/glas-universalreiniger-diversey-d6-5lt-kanister\/#primaryimage"},"image":{"@id":"https:\/\/www.starcatering.at\/shop\/produkt\/glas-universalreiniger-diversey-d6-5lt-kanister\/#primaryimage"},"thumbnailUrl":"https:\/\/www.starcatering.at\/shop\/wp-content\/uploads\/2023\/04\/Diversey-D6-5l.jpg","datePublished":"2023-04-21T19:09:34+00:00","dateModified":"2025-03-24T22:07:16+00:00","description":"Glas-Universalreiniger Diversey D6 5lt Kanister","breadcrumb":{"@id":"https:\/\/www.starcatering.at\/shop\/produkt\/glas-universalreiniger-diversey-d6-5lt-kanister\/#breadcrumb"},"inLanguage":"de","potentialAction":[{"@type":"ReadAction","target":["https:\/\/www.starcatering.at\/shop\/produkt\/glas-universalreiniger-diversey-d6-5lt-kanister\/"]}]},{"@type":"ImageObject","inLanguage":"de","@id":"https:\/\/www.starcatering.at\/shop\/produkt\/glas-universalreiniger-diversey-d6-5lt-kanister\/#primaryimage","url":"https:\/\/www.starcatering.at\/shop\/wp-content\/uploads\/2023\/04\/Diversey-D6-5l.jpg","contentUrl":"https:\/\/www.starcatering.at\/shop\/wp-content\/uploads\/2023\/04\/Diversey-D6-5l.jpg","width":500,"height":500},{"@type":"BreadcrumbList","@id":"https:\/\/www.starcatering.at\/shop\/produkt\/glas-universalreiniger-diversey-d6-5lt-kanister\/#breadcrumb","itemListElement":[{"@type":"ListItem","position":1,"name":"Startseite","item":"https:\/\/www.starcatering.at\/shop\/"},{"@type":"ListItem","position":2,"name":"Shop","item":"https:\/\/www.starcatering.at\/shop\/shop\/"},{"@type":"ListItem","position":3,"name":"Glas-Universalreiniger Diversey D6 5lt Kanister"}]},{"@type":"WebSite","@id":"https:\/\/www.starcatering.at\/shop\/#website","url":"https:\/\/www.starcatering.at\/shop\/","name":"Carnuntum Foods","description":"Abverkaufsartikel","publisher":{"@id":"https:\/\/www.starcatering.at\/shop\/#organization"},"potentialAction":[{"@type":"SearchAction","target":{"@type":"EntryPoint","urlTemplate":"https:\/\/www.starcatering.at\/shop\/?s={search_term_string}"},"query-input":{"@type":"PropertyValueSpecification","valueRequired":true,"valueName":"search_term_string"}}],"inLanguage":"de"},{"@type":"Organization","@id":"https:\/\/www.starcatering.at\/shop\/#organization","name":"Carnuntumfoods","url":"https:\/\/www.starcatering.at\/shop\/","logo":{"@type":"ImageObject","inLanguage":"de","@id":"https:\/\/www.starcatering.at\/shop\/#\/schema\/logo\/image\/","url":"https:\/\/www.starcatering.at\/shop\/wp-content\/uploads\/2021\/08\/cropped-logo.png","contentUrl":"https:\/\/www.starcatering.at\/shop\/wp-content\/uploads\/2021\/08\/cropped-logo.png","width":512,"height":512,"caption":"Carnuntumfoods"},"image":{"@id":"https:\/\/www.starcatering.at\/shop\/#\/schema\/logo\/image\/"}}]}},"_links":{"self":[{"href":"https:\/\/www.starcatering.at\/shop\/wp-json\/wp\/v2\/product\/9705","targetHints":{"allow":["GET"]}}],"collection":[{"href":"https:\/\/www.starcatering.at\/shop\/wp-json\/wp\/v2\/product"}],"about":[{"href":"https:\/\/www.starcatering.at\/shop\/wp-json\/wp\/v2\/types\/product"}],"replies":[{"embeddable":true,"href":"https:\/\/www.starcatering.at\/shop\/wp-json\/wp\/v2\/comments?post=9705"}],"wp:featuredmedia":[{"embeddable":true,"href":"https:\/\/www.starcatering.at\/shop\/wp-json\/wp\/v2\/media\/9706"}],"wp:attachment":[{"href":"https:\/\/www.starcatering.at\/shop\/wp-json\/wp\/v2\/media?parent=9705"}],"wp:term":[{"taxonomy":"product_brand","embeddable":true,"href":"https:\/\/www.starcatering.at\/shop\/wp-json\/wp\/v2\/product_brand?post=9705"},{"taxonomy":"product_cat","embeddable":true,"href":"https:\/\/www.starcatering.at\/shop\/wp-json\/wp\/v2\/product_cat?post=9705"},{"taxonomy":"product_tag","embeddable":true,"href":"https:\/\/www.starcatering.at\/shop\/wp-json\/wp\/v2\/product_tag?post=9705"}],"curies":[{"name":"wp","href":"https:\/\/api.w.org\/{rel}","templated":true}]}}