{"id":9715,"date":"2023-04-24T23:49:25","date_gmt":"2023-04-24T21:49:25","guid":{"rendered":"https:\/\/www.starcatering.at\/shop\/?post_type=product&#038;p=9715"},"modified":"2025-03-28T10:36:10","modified_gmt":"2025-03-28T09:36:10","slug":"feuerzeug-chilisauce-brombeere-fichte-110g","status":"publish","type":"product","link":"https:\/\/www.starcatering.at\/shop\/produkt\/feuerzeug-chilisauce-brombeere-fichte-110g\/","title":{"rendered":"Feuerzeug &#8211; Chilisauce &#8220;Brombeere-Fichte&#8221; 110g"},"content":{"rendered":"<p><strong>Zutaten:<br \/>\n<\/strong>*Brombeeren (32%), *Zucker, *Paprika, *Apfelessig, Wasser, *Chili (3%), *Hagebuttentee, *Gew\u00fcrze, Salz, *Fichtenwipfel(0,4%)<br \/>\n*Zutaten aus biologischer Landwirtschaft<\/p>\n","protected":false},"excerpt":{"rendered":"<p>Brombeere, Fichte und Chili \u2013 und ziehen als Trio Infernale in die Flasche ein. Als Komposition, die an einen Waldausflug erinnert: Auf fruchtig-s\u00fc\u00dfes Beerenaroma folgt die dezent herbe Note getrockneter Maiwipferl. Begleitet von einer leicht scharfen Brise. \u00d6sterreichischer k\u00f6nnte eine Chilisauce kaum schmecken.<\/p>\n<p>Die ausgefallene Kreation schmeckt wie ein kulinarischer Streifzug durch Wald und Flur. Vollmundig-s\u00fc\u00dfe Bio-Brombeeren legen eine herrlich fruchtig-intensive F\u00e4hrte. An der pl\u00f6tzlich die leicht harzig-herbe Note von getrockneten Fichtennadeln und Hagebutten aus dem Bio-Wald vorbeihuscht. Bis sich schlie\u00dflich die angenehme Sch\u00e4rfe frischer Bio-Chilis an die Geschmacksknospen anpirscht. In diesem Sinne: Waidmannsheil.<\/p>\n<p><strong>Sch\u00e4rfegrad:<\/strong> 5 von 12<\/p>\n<p><em><span style=\"color: #ff6600;\">Original Artikelbeschreibung feuer-zeug.at<\/span><\/em><\/p>\n","protected":false},"featured_media":9716,"comment_status":"open","ping_status":"closed","template":"","meta":{"_et_pb_use_builder":"off","_et_pb_old_content":"<strong>Zutaten:\r\n<\/strong>*Chili (41%), *Rohrzucker, *Essig, Wasser, *Knoblauch, Salz\r\n* Zutaten aus biologischer Landwirtschaft.\r\n\r\n<strong>\u00a0<\/strong>\r\n\r\n<strong>\u00a0<\/strong>","_et_gb_content_width":""},"product_brand":[2496],"product_cat":[1082],"product_tag":[60,1653,156,157,109,1652,169,42],"class_list":{"0":"post-9715","1":"product","2":"type-product","3":"status-publish","4":"has-post-thumbnail","6":"product_brand-feuerzeug-chilisaucen","7":"product_cat-feuerzeug","8":"product_tag-bio","9":"product_tag-brombeer","10":"product_tag-chilisauce","11":"product_tag-feuer-zeug","12":"product_tag-feurig","13":"product_tag-fichte","14":"product_tag-hot","15":"product_tag-scharf","17":"first","18":"instock","19":"taxable","20":"shipping-taxable","21":"purchasable","22":"product-type-simple"},"yoast_head":"<!-- This site is optimized with the Yoast SEO plugin v27.5 - https:\/\/yoast.com\/product\/yoast-seo-wordpress\/ -->\n<title>Feuerzeug - Chilisauce &quot;Brombeere-Fichte&quot; 110g &#187; StarCatering %-Shop<\/title>\n<meta name=\"description\" content=\"Feuerzeug - Chilisauce &quot;Brombeere-Fichte&quot; 110g\" \/>\n<meta name=\"robots\" content=\"index, follow, max-snippet:-1, max-image-preview:large, max-video-preview:-1\" \/>\n<link rel=\"canonical\" href=\"https:\/\/www.starcatering.at\/shop\/produkt\/feuerzeug-chilisauce-brombeere-fichte-110g\/\" \/>\n<meta property=\"og:locale\" content=\"de_DE\" \/>\n<meta property=\"og:type\" content=\"article\" \/>\n<meta property=\"og:title\" content=\"Carnuntum Foods &quot;Feuerzeug - Chilisauce &quot;Schwarzer Knoblauch&quot; 110g\" \/>\n<meta property=\"og:description\" content=\"Chilisauce Schwarzer Knoblauch - Durch diesen nat\u00fcrlichen Prozess erh\u00e4lt der Knoblauch die dunkle Farbe und das typische Aroma. Kombiniert mit frischen Chilis entfaltet sich daraus ein sensationeller s\u00fc\u00df-scharfer Geschmack.\" \/>\n<meta property=\"og:url\" content=\"https:\/\/www.starcatering.at\/shop\/produkt\/feuerzeug-chilisauce-brombeere-fichte-110g\/\" \/>\n<meta property=\"og:site_name\" content=\"StarCatering %-Shop\" \/>\n<meta property=\"article:modified_time\" content=\"2025-03-28T09:36:10+00:00\" \/>\n<meta property=\"og:image\" content=\"https:\/\/www.starcatering.at\/shop\/wp-content\/uploads\/2023\/01\/Feuerzeug-Knoblauch-e1674937842147.png\" \/>\n\t<meta property=\"og:image:width\" content=\"374\" \/>\n\t<meta property=\"og:image:height\" content=\"400\" \/>\n\t<meta property=\"og:image:type\" content=\"image\/png\" \/>\n<meta name=\"twitter:card\" content=\"summary_large_image\" \/>\n<meta name=\"twitter:label1\" content=\"Gesch\u00e4tzte Lesezeit\" \/>\n\t<meta name=\"twitter:data1\" content=\"1\u00a0Minute\" \/>\n<script type=\"application\/ld+json\" class=\"yoast-schema-graph\">{\"@context\":\"https:\\\/\\\/schema.org\",\"@graph\":[{\"@type\":\"WebPage\",\"@id\":\"https:\\\/\\\/www.starcatering.at\\\/shop\\\/produkt\\\/feuerzeug-chilisauce-brombeere-fichte-110g\\\/\",\"url\":\"https:\\\/\\\/www.starcatering.at\\\/shop\\\/produkt\\\/feuerzeug-chilisauce-brombeere-fichte-110g\\\/\",\"name\":\"Feuerzeug - Chilisauce \\\"Brombeere-Fichte\\\" 110g &#187; StarCatering %-Shop\",\"isPartOf\":{\"@id\":\"https:\\\/\\\/www.starcatering.at\\\/shop\\\/#website\"},\"primaryImageOfPage\":{\"@id\":\"https:\\\/\\\/www.starcatering.at\\\/shop\\\/produkt\\\/feuerzeug-chilisauce-brombeere-fichte-110g\\\/#primaryimage\"},\"image\":{\"@id\":\"https:\\\/\\\/www.starcatering.at\\\/shop\\\/produkt\\\/feuerzeug-chilisauce-brombeere-fichte-110g\\\/#primaryimage\"},\"thumbnailUrl\":\"https:\\\/\\\/www.starcatering.at\\\/shop\\\/wp-content\\\/uploads\\\/2023\\\/04\\\/Feuerzeug-BrombeerFichte.jpg\",\"datePublished\":\"2023-04-24T21:49:25+00:00\",\"dateModified\":\"2025-03-28T09:36:10+00:00\",\"description\":\"Feuerzeug - Chilisauce \\\"Brombeere-Fichte\\\" 110g\",\"breadcrumb\":{\"@id\":\"https:\\\/\\\/www.starcatering.at\\\/shop\\\/produkt\\\/feuerzeug-chilisauce-brombeere-fichte-110g\\\/#breadcrumb\"},\"inLanguage\":\"de\",\"potentialAction\":[{\"@type\":\"ReadAction\",\"target\":[\"https:\\\/\\\/www.starcatering.at\\\/shop\\\/produkt\\\/feuerzeug-chilisauce-brombeere-fichte-110g\\\/\"]}]},{\"@type\":\"ImageObject\",\"inLanguage\":\"de\",\"@id\":\"https:\\\/\\\/www.starcatering.at\\\/shop\\\/produkt\\\/feuerzeug-chilisauce-brombeere-fichte-110g\\\/#primaryimage\",\"url\":\"https:\\\/\\\/www.starcatering.at\\\/shop\\\/wp-content\\\/uploads\\\/2023\\\/04\\\/Feuerzeug-BrombeerFichte.jpg\",\"contentUrl\":\"https:\\\/\\\/www.starcatering.at\\\/shop\\\/wp-content\\\/uploads\\\/2023\\\/04\\\/Feuerzeug-BrombeerFichte.jpg\",\"width\":500,\"height\":500},{\"@type\":\"BreadcrumbList\",\"@id\":\"https:\\\/\\\/www.starcatering.at\\\/shop\\\/produkt\\\/feuerzeug-chilisauce-brombeere-fichte-110g\\\/#breadcrumb\",\"itemListElement\":[{\"@type\":\"ListItem\",\"position\":1,\"name\":\"Startseite\",\"item\":\"https:\\\/\\\/www.starcatering.at\\\/shop\\\/\"},{\"@type\":\"ListItem\",\"position\":2,\"name\":\"Shop\",\"item\":\"https:\\\/\\\/www.starcatering.at\\\/shop\\\/shop\\\/\"},{\"@type\":\"ListItem\",\"position\":3,\"name\":\"Feuerzeug &#8211; Chilisauce &#8220;Brombeere-Fichte&#8221; 110g\"}]},{\"@type\":\"WebSite\",\"@id\":\"https:\\\/\\\/www.starcatering.at\\\/shop\\\/#website\",\"url\":\"https:\\\/\\\/www.starcatering.at\\\/shop\\\/\",\"name\":\"Carnuntum Foods\",\"description\":\"Abverkaufsartikel\",\"publisher\":{\"@id\":\"https:\\\/\\\/www.starcatering.at\\\/shop\\\/#organization\"},\"potentialAction\":[{\"@type\":\"SearchAction\",\"target\":{\"@type\":\"EntryPoint\",\"urlTemplate\":\"https:\\\/\\\/www.starcatering.at\\\/shop\\\/?s={search_term_string}\"},\"query-input\":{\"@type\":\"PropertyValueSpecification\",\"valueRequired\":true,\"valueName\":\"search_term_string\"}}],\"inLanguage\":\"de\"},{\"@type\":\"Organization\",\"@id\":\"https:\\\/\\\/www.starcatering.at\\\/shop\\\/#organization\",\"name\":\"Carnuntumfoods\",\"url\":\"https:\\\/\\\/www.starcatering.at\\\/shop\\\/\",\"logo\":{\"@type\":\"ImageObject\",\"inLanguage\":\"de\",\"@id\":\"https:\\\/\\\/www.starcatering.at\\\/shop\\\/#\\\/schema\\\/logo\\\/image\\\/\",\"url\":\"https:\\\/\\\/www.starcatering.at\\\/shop\\\/wp-content\\\/uploads\\\/2021\\\/08\\\/cropped-logo.png\",\"contentUrl\":\"https:\\\/\\\/www.starcatering.at\\\/shop\\\/wp-content\\\/uploads\\\/2021\\\/08\\\/cropped-logo.png\",\"width\":512,\"height\":512,\"caption\":\"Carnuntumfoods\"},\"image\":{\"@id\":\"https:\\\/\\\/www.starcatering.at\\\/shop\\\/#\\\/schema\\\/logo\\\/image\\\/\"}}]}<\/script>\n<!-- \/ Yoast SEO plugin. -->","yoast_head_json":{"title":"Feuerzeug - Chilisauce \"Brombeere-Fichte\" 110g &#187; StarCatering %-Shop","description":"Feuerzeug - Chilisauce \"Brombeere-Fichte\" 110g","robots":{"index":"index","follow":"follow","max-snippet":"max-snippet:-1","max-image-preview":"max-image-preview:large","max-video-preview":"max-video-preview:-1"},"canonical":"https:\/\/www.starcatering.at\/shop\/produkt\/feuerzeug-chilisauce-brombeere-fichte-110g\/","og_locale":"de_DE","og_type":"article","og_title":"Carnuntum Foods \"Feuerzeug - Chilisauce \"Schwarzer Knoblauch\" 110g","og_description":"Chilisauce Schwarzer Knoblauch - Durch diesen nat\u00fcrlichen Prozess erh\u00e4lt der Knoblauch die dunkle Farbe und das typische Aroma. Kombiniert mit frischen Chilis entfaltet sich daraus ein sensationeller s\u00fc\u00df-scharfer Geschmack.","og_url":"https:\/\/www.starcatering.at\/shop\/produkt\/feuerzeug-chilisauce-brombeere-fichte-110g\/","og_site_name":"StarCatering %-Shop","article_modified_time":"2025-03-28T09:36:10+00:00","og_image":[{"width":374,"height":400,"url":"https:\/\/www.starcatering.at\/shop\/wp-content\/uploads\/2023\/01\/Feuerzeug-Knoblauch-e1674937842147.png","type":"image\/png"}],"twitter_card":"summary_large_image","twitter_misc":{"Gesch\u00e4tzte Lesezeit":"1\u00a0Minute"},"schema":{"@context":"https:\/\/schema.org","@graph":[{"@type":"WebPage","@id":"https:\/\/www.starcatering.at\/shop\/produkt\/feuerzeug-chilisauce-brombeere-fichte-110g\/","url":"https:\/\/www.starcatering.at\/shop\/produkt\/feuerzeug-chilisauce-brombeere-fichte-110g\/","name":"Feuerzeug - Chilisauce \"Brombeere-Fichte\" 110g &#187; StarCatering %-Shop","isPartOf":{"@id":"https:\/\/www.starcatering.at\/shop\/#website"},"primaryImageOfPage":{"@id":"https:\/\/www.starcatering.at\/shop\/produkt\/feuerzeug-chilisauce-brombeere-fichte-110g\/#primaryimage"},"image":{"@id":"https:\/\/www.starcatering.at\/shop\/produkt\/feuerzeug-chilisauce-brombeere-fichte-110g\/#primaryimage"},"thumbnailUrl":"https:\/\/www.starcatering.at\/shop\/wp-content\/uploads\/2023\/04\/Feuerzeug-BrombeerFichte.jpg","datePublished":"2023-04-24T21:49:25+00:00","dateModified":"2025-03-28T09:36:10+00:00","description":"Feuerzeug - Chilisauce \"Brombeere-Fichte\" 110g","breadcrumb":{"@id":"https:\/\/www.starcatering.at\/shop\/produkt\/feuerzeug-chilisauce-brombeere-fichte-110g\/#breadcrumb"},"inLanguage":"de","potentialAction":[{"@type":"ReadAction","target":["https:\/\/www.starcatering.at\/shop\/produkt\/feuerzeug-chilisauce-brombeere-fichte-110g\/"]}]},{"@type":"ImageObject","inLanguage":"de","@id":"https:\/\/www.starcatering.at\/shop\/produkt\/feuerzeug-chilisauce-brombeere-fichte-110g\/#primaryimage","url":"https:\/\/www.starcatering.at\/shop\/wp-content\/uploads\/2023\/04\/Feuerzeug-BrombeerFichte.jpg","contentUrl":"https:\/\/www.starcatering.at\/shop\/wp-content\/uploads\/2023\/04\/Feuerzeug-BrombeerFichte.jpg","width":500,"height":500},{"@type":"BreadcrumbList","@id":"https:\/\/www.starcatering.at\/shop\/produkt\/feuerzeug-chilisauce-brombeere-fichte-110g\/#breadcrumb","itemListElement":[{"@type":"ListItem","position":1,"name":"Startseite","item":"https:\/\/www.starcatering.at\/shop\/"},{"@type":"ListItem","position":2,"name":"Shop","item":"https:\/\/www.starcatering.at\/shop\/shop\/"},{"@type":"ListItem","position":3,"name":"Feuerzeug &#8211; Chilisauce &#8220;Brombeere-Fichte&#8221; 110g"}]},{"@type":"WebSite","@id":"https:\/\/www.starcatering.at\/shop\/#website","url":"https:\/\/www.starcatering.at\/shop\/","name":"Carnuntum Foods","description":"Abverkaufsartikel","publisher":{"@id":"https:\/\/www.starcatering.at\/shop\/#organization"},"potentialAction":[{"@type":"SearchAction","target":{"@type":"EntryPoint","urlTemplate":"https:\/\/www.starcatering.at\/shop\/?s={search_term_string}"},"query-input":{"@type":"PropertyValueSpecification","valueRequired":true,"valueName":"search_term_string"}}],"inLanguage":"de"},{"@type":"Organization","@id":"https:\/\/www.starcatering.at\/shop\/#organization","name":"Carnuntumfoods","url":"https:\/\/www.starcatering.at\/shop\/","logo":{"@type":"ImageObject","inLanguage":"de","@id":"https:\/\/www.starcatering.at\/shop\/#\/schema\/logo\/image\/","url":"https:\/\/www.starcatering.at\/shop\/wp-content\/uploads\/2021\/08\/cropped-logo.png","contentUrl":"https:\/\/www.starcatering.at\/shop\/wp-content\/uploads\/2021\/08\/cropped-logo.png","width":512,"height":512,"caption":"Carnuntumfoods"},"image":{"@id":"https:\/\/www.starcatering.at\/shop\/#\/schema\/logo\/image\/"}}]}},"_links":{"self":[{"href":"https:\/\/www.starcatering.at\/shop\/wp-json\/wp\/v2\/product\/9715","targetHints":{"allow":["GET"]}}],"collection":[{"href":"https:\/\/www.starcatering.at\/shop\/wp-json\/wp\/v2\/product"}],"about":[{"href":"https:\/\/www.starcatering.at\/shop\/wp-json\/wp\/v2\/types\/product"}],"replies":[{"embeddable":true,"href":"https:\/\/www.starcatering.at\/shop\/wp-json\/wp\/v2\/comments?post=9715"}],"wp:featuredmedia":[{"embeddable":true,"href":"https:\/\/www.starcatering.at\/shop\/wp-json\/wp\/v2\/media\/9716"}],"wp:attachment":[{"href":"https:\/\/www.starcatering.at\/shop\/wp-json\/wp\/v2\/media?parent=9715"}],"wp:term":[{"taxonomy":"product_brand","embeddable":true,"href":"https:\/\/www.starcatering.at\/shop\/wp-json\/wp\/v2\/product_brand?post=9715"},{"taxonomy":"product_cat","embeddable":true,"href":"https:\/\/www.starcatering.at\/shop\/wp-json\/wp\/v2\/product_cat?post=9715"},{"taxonomy":"product_tag","embeddable":true,"href":"https:\/\/www.starcatering.at\/shop\/wp-json\/wp\/v2\/product_tag?post=9715"}],"curies":[{"name":"wp","href":"https:\/\/api.w.org\/{rel}","templated":true}]}}