{"id":9842,"date":"2023-05-02T22:58:38","date_gmt":"2023-05-02T20:58:38","guid":{"rendered":"https:\/\/www.starcatering.at\/shop\/?post_type=product&#038;p=9842"},"modified":"2026-04-28T14:03:10","modified_gmt":"2026-04-28T12:03:10","slug":"salzblueten-bunt-50g-beutel","status":"publish","type":"product","link":"https:\/\/www.starcatering.at\/shop\/produkt\/salzblueten-bunt-50g-beutel\/","title":{"rendered":"Salzbl\u00fcten bunt 50g Beutel"},"content":{"rendered":"<p><span style=\"color: #ff6600;\"><em><strong>Gew\u00fcrz umverpackt von Gro\u00dfgebinde in kleine Beutel.<\/strong><\/em><\/span><\/p>\n<p>F\u00fcr die Salzbl\u00fcten wurde die ganze Farbenpracht orientalischer Gew\u00fcrze, zartgr\u00fcner Kr\u00e4uter und duftender Bl\u00fcten in Natursalz eingefangen. So entsteht eine bunte und vor allem w\u00fcrzige Erg\u00e4nzung zum WIBERG Salzsortiment. Nat\u00fcrliche Bl\u00fcten, Kr\u00e4uter, Gew\u00fcrze und Fr\u00fcchtetee-Extrakte verleihen den Speise- und Ursalzflocken f\u00fcr die Salzbl\u00fcten bunt eine attraktive Optik und bilden so ein verspielt salziges Dekorelement. Mit ihnen l\u00e4sst sich eindeutig mehr, als \u201enur\u201c salzen!<\/p>\n<div>\n<div class=\"sc-5bwjnp-0 iAGkcH\">\n<div class=\"sc-nwhbrj-20 idFAiY\"><strong>Kulinarische Bestimmung<\/strong><\/div>\n<\/div>\n<div class=\"sc-nwhbrj-21 kCPhf\">ideal f\u00fcr Fisch, Krustentiere und Kalb sowie zum Finishen von vegetarischen Gerichten<\/div>\n<\/div>\n<div><\/div>\n<div>\n<div class=\"sc-5bwjnp-0 iAGkcH\">\n<div class=\"sc-nwhbrj-20 idFAiY\"><strong>Zutaten<\/strong><\/div>\n<\/div>\n<div class=\"sc-nwhbrj-21 kCPhf\">Salzflocken (87% Speisesalz unjodiert, 10% Ursalz unjodiert), Rosenbl\u00fctenbl\u00e4ttern, Kurkuma, Sumac, Pfeffer, Ingwer, B\u00e4rlauch, Bockshornkleesamen, Zucker, Koriander, Paprika, Kreuzk\u00fcmmel, Gew\u00fcrzextrakte, f\u00e4rbende Pflanzenkonzentrate (Rettich, Tomate), Chili, Gew\u00fcrze, Fr\u00fcchtetee-Extrakt (Extrakte aus Hibiskus, Holunderbeeren, Zitronenschalen, Orangenschalen, Hagebutten).<\/div>\n<\/div>\n","protected":false},"excerpt":{"rendered":"<ul>\n<li>Salzflocken mit Gew\u00fcrzen<\/li>\n<li>50g Beutel<\/li>\n<li>Hersteller: Wiberg<\/li>\n<\/ul>\n","protected":false},"featured_media":11062,"comment_status":"open","ping_status":"closed","template":"","meta":{"_et_pb_use_builder":"","_et_pb_old_content":"","_et_gb_content_width":""},"product_brand":[],"product_cat":[1514],"product_tag":[523,71,69,1683],"class_list":{"0":"post-9842","1":"product","2":"type-product","3":"status-publish","4":"has-post-thumbnail","6":"product_cat-gewuerze","7":"product_tag-blueten","8":"product_tag-gewuerz","9":"product_tag-salz","10":"product_tag-wiberg","12":"first","13":"instock","14":"sale","15":"taxable","16":"shipping-taxable","17":"purchasable","18":"product-type-simple"},"yoast_head":"<!-- This site is optimized with the Yoast SEO plugin v27.5 - https:\/\/yoast.com\/product\/yoast-seo-wordpress\/ -->\n<title>Salzbl\u00fcten bunt 50g Beutel &#187; StarCatering %-Shop<\/title>\n<meta name=\"description\" content=\"Salzbl\u00fcten bunt 50g Beutel\" \/>\n<meta name=\"robots\" content=\"index, follow, max-snippet:-1, max-image-preview:large, max-video-preview:-1\" \/>\n<link rel=\"canonical\" href=\"https:\/\/www.starcatering.at\/shop\/produkt\/salzblueten-bunt-50g-beutel\/\" \/>\n<meta property=\"og:locale\" content=\"de_DE\" \/>\n<meta property=\"og:type\" content=\"article\" \/>\n<meta property=\"og:title\" content=\"Salzbl\u00fcten bunt 50g Beutel\" \/>\n<meta property=\"og:description\" content=\"Salzbl\u00fcten bunt 50g Beutel\" \/>\n<meta property=\"og:url\" content=\"https:\/\/www.starcatering.at\/shop\/produkt\/salzblueten-bunt-50g-beutel\/\" \/>\n<meta property=\"og:site_name\" content=\"StarCatering %-Shop\" \/>\n<meta property=\"article:modified_time\" content=\"2026-04-28T12:03:10+00:00\" \/>\n<meta property=\"og:image\" content=\"https:\/\/www.starcatering.at\/shop\/wp-content\/uploads\/2023\/05\/Salzblueten-bunt.jpg\" \/>\n\t<meta property=\"og:image:width\" content=\"500\" \/>\n\t<meta property=\"og:image:height\" content=\"500\" \/>\n\t<meta property=\"og:image:type\" content=\"image\/jpeg\" \/>\n<meta name=\"twitter:card\" content=\"summary_large_image\" \/>\n<meta name=\"twitter:title\" content=\"Salzbl\u00fcten bunt 50g Beutel\" \/>\n<meta name=\"twitter:description\" content=\"Salzbl\u00fcten bunt 50g Beutel\" \/>\n<meta name=\"twitter:image\" content=\"https:\/\/www.starcatering.at\/shop\/wp-content\/uploads\/2023\/05\/Salzblueten-bunt.jpg\" \/>\n<meta name=\"twitter:label1\" content=\"Gesch\u00e4tzte Lesezeit\" \/>\n\t<meta name=\"twitter:data1\" content=\"1\u00a0Minute\" \/>\n<script type=\"application\/ld+json\" class=\"yoast-schema-graph\">{\"@context\":\"https:\\\/\\\/schema.org\",\"@graph\":[{\"@type\":\"WebPage\",\"@id\":\"https:\\\/\\\/www.starcatering.at\\\/shop\\\/produkt\\\/salzblueten-bunt-50g-beutel\\\/\",\"url\":\"https:\\\/\\\/www.starcatering.at\\\/shop\\\/produkt\\\/salzblueten-bunt-50g-beutel\\\/\",\"name\":\"Salzbl\u00fcten bunt 50g Beutel &#187; StarCatering %-Shop\",\"isPartOf\":{\"@id\":\"https:\\\/\\\/www.starcatering.at\\\/shop\\\/#website\"},\"primaryImageOfPage\":{\"@id\":\"https:\\\/\\\/www.starcatering.at\\\/shop\\\/produkt\\\/salzblueten-bunt-50g-beutel\\\/#primaryimage\"},\"image\":{\"@id\":\"https:\\\/\\\/www.starcatering.at\\\/shop\\\/produkt\\\/salzblueten-bunt-50g-beutel\\\/#primaryimage\"},\"thumbnailUrl\":\"https:\\\/\\\/www.starcatering.at\\\/shop\\\/wp-content\\\/uploads\\\/2023\\\/05\\\/Salzblueten-bunt.jpg\",\"datePublished\":\"2023-05-02T20:58:38+00:00\",\"dateModified\":\"2026-04-28T12:03:10+00:00\",\"description\":\"Salzbl\u00fcten bunt 50g Beutel\",\"breadcrumb\":{\"@id\":\"https:\\\/\\\/www.starcatering.at\\\/shop\\\/produkt\\\/salzblueten-bunt-50g-beutel\\\/#breadcrumb\"},\"inLanguage\":\"de\",\"potentialAction\":[{\"@type\":\"ReadAction\",\"target\":[\"https:\\\/\\\/www.starcatering.at\\\/shop\\\/produkt\\\/salzblueten-bunt-50g-beutel\\\/\"]}]},{\"@type\":\"ImageObject\",\"inLanguage\":\"de\",\"@id\":\"https:\\\/\\\/www.starcatering.at\\\/shop\\\/produkt\\\/salzblueten-bunt-50g-beutel\\\/#primaryimage\",\"url\":\"https:\\\/\\\/www.starcatering.at\\\/shop\\\/wp-content\\\/uploads\\\/2023\\\/05\\\/Salzblueten-bunt.jpg\",\"contentUrl\":\"https:\\\/\\\/www.starcatering.at\\\/shop\\\/wp-content\\\/uploads\\\/2023\\\/05\\\/Salzblueten-bunt.jpg\",\"width\":500,\"height\":500},{\"@type\":\"BreadcrumbList\",\"@id\":\"https:\\\/\\\/www.starcatering.at\\\/shop\\\/produkt\\\/salzblueten-bunt-50g-beutel\\\/#breadcrumb\",\"itemListElement\":[{\"@type\":\"ListItem\",\"position\":1,\"name\":\"Startseite\",\"item\":\"https:\\\/\\\/www.starcatering.at\\\/shop\\\/\"},{\"@type\":\"ListItem\",\"position\":2,\"name\":\"Shop\",\"item\":\"https:\\\/\\\/www.starcatering.at\\\/shop\\\/shop\\\/\"},{\"@type\":\"ListItem\",\"position\":3,\"name\":\"Salzbl\u00fcten bunt 50g Beutel\"}]},{\"@type\":\"WebSite\",\"@id\":\"https:\\\/\\\/www.starcatering.at\\\/shop\\\/#website\",\"url\":\"https:\\\/\\\/www.starcatering.at\\\/shop\\\/\",\"name\":\"Carnuntum Foods\",\"description\":\"Abverkaufsartikel\",\"publisher\":{\"@id\":\"https:\\\/\\\/www.starcatering.at\\\/shop\\\/#organization\"},\"potentialAction\":[{\"@type\":\"SearchAction\",\"target\":{\"@type\":\"EntryPoint\",\"urlTemplate\":\"https:\\\/\\\/www.starcatering.at\\\/shop\\\/?s={search_term_string}\"},\"query-input\":{\"@type\":\"PropertyValueSpecification\",\"valueRequired\":true,\"valueName\":\"search_term_string\"}}],\"inLanguage\":\"de\"},{\"@type\":\"Organization\",\"@id\":\"https:\\\/\\\/www.starcatering.at\\\/shop\\\/#organization\",\"name\":\"Carnuntumfoods\",\"url\":\"https:\\\/\\\/www.starcatering.at\\\/shop\\\/\",\"logo\":{\"@type\":\"ImageObject\",\"inLanguage\":\"de\",\"@id\":\"https:\\\/\\\/www.starcatering.at\\\/shop\\\/#\\\/schema\\\/logo\\\/image\\\/\",\"url\":\"https:\\\/\\\/www.starcatering.at\\\/shop\\\/wp-content\\\/uploads\\\/2021\\\/08\\\/cropped-logo.png\",\"contentUrl\":\"https:\\\/\\\/www.starcatering.at\\\/shop\\\/wp-content\\\/uploads\\\/2021\\\/08\\\/cropped-logo.png\",\"width\":512,\"height\":512,\"caption\":\"Carnuntumfoods\"},\"image\":{\"@id\":\"https:\\\/\\\/www.starcatering.at\\\/shop\\\/#\\\/schema\\\/logo\\\/image\\\/\"}}]}<\/script>\n<!-- \/ Yoast SEO plugin. -->","yoast_head_json":{"title":"Salzbl\u00fcten bunt 50g Beutel &#187; StarCatering %-Shop","description":"Salzbl\u00fcten bunt 50g Beutel","robots":{"index":"index","follow":"follow","max-snippet":"max-snippet:-1","max-image-preview":"max-image-preview:large","max-video-preview":"max-video-preview:-1"},"canonical":"https:\/\/www.starcatering.at\/shop\/produkt\/salzblueten-bunt-50g-beutel\/","og_locale":"de_DE","og_type":"article","og_title":"Salzbl\u00fcten bunt 50g Beutel","og_description":"Salzbl\u00fcten bunt 50g Beutel","og_url":"https:\/\/www.starcatering.at\/shop\/produkt\/salzblueten-bunt-50g-beutel\/","og_site_name":"StarCatering %-Shop","article_modified_time":"2026-04-28T12:03:10+00:00","og_image":[{"width":500,"height":500,"url":"https:\/\/www.starcatering.at\/shop\/wp-content\/uploads\/2023\/05\/Salzblueten-bunt.jpg","type":"image\/jpeg"}],"twitter_card":"summary_large_image","twitter_title":"Salzbl\u00fcten bunt 50g Beutel","twitter_description":"Salzbl\u00fcten bunt 50g Beutel","twitter_image":"https:\/\/www.starcatering.at\/shop\/wp-content\/uploads\/2023\/05\/Salzblueten-bunt.jpg","twitter_misc":{"Gesch\u00e4tzte Lesezeit":"1\u00a0Minute"},"schema":{"@context":"https:\/\/schema.org","@graph":[{"@type":"WebPage","@id":"https:\/\/www.starcatering.at\/shop\/produkt\/salzblueten-bunt-50g-beutel\/","url":"https:\/\/www.starcatering.at\/shop\/produkt\/salzblueten-bunt-50g-beutel\/","name":"Salzbl\u00fcten bunt 50g Beutel &#187; StarCatering %-Shop","isPartOf":{"@id":"https:\/\/www.starcatering.at\/shop\/#website"},"primaryImageOfPage":{"@id":"https:\/\/www.starcatering.at\/shop\/produkt\/salzblueten-bunt-50g-beutel\/#primaryimage"},"image":{"@id":"https:\/\/www.starcatering.at\/shop\/produkt\/salzblueten-bunt-50g-beutel\/#primaryimage"},"thumbnailUrl":"https:\/\/www.starcatering.at\/shop\/wp-content\/uploads\/2023\/05\/Salzblueten-bunt.jpg","datePublished":"2023-05-02T20:58:38+00:00","dateModified":"2026-04-28T12:03:10+00:00","description":"Salzbl\u00fcten bunt 50g Beutel","breadcrumb":{"@id":"https:\/\/www.starcatering.at\/shop\/produkt\/salzblueten-bunt-50g-beutel\/#breadcrumb"},"inLanguage":"de","potentialAction":[{"@type":"ReadAction","target":["https:\/\/www.starcatering.at\/shop\/produkt\/salzblueten-bunt-50g-beutel\/"]}]},{"@type":"ImageObject","inLanguage":"de","@id":"https:\/\/www.starcatering.at\/shop\/produkt\/salzblueten-bunt-50g-beutel\/#primaryimage","url":"https:\/\/www.starcatering.at\/shop\/wp-content\/uploads\/2023\/05\/Salzblueten-bunt.jpg","contentUrl":"https:\/\/www.starcatering.at\/shop\/wp-content\/uploads\/2023\/05\/Salzblueten-bunt.jpg","width":500,"height":500},{"@type":"BreadcrumbList","@id":"https:\/\/www.starcatering.at\/shop\/produkt\/salzblueten-bunt-50g-beutel\/#breadcrumb","itemListElement":[{"@type":"ListItem","position":1,"name":"Startseite","item":"https:\/\/www.starcatering.at\/shop\/"},{"@type":"ListItem","position":2,"name":"Shop","item":"https:\/\/www.starcatering.at\/shop\/shop\/"},{"@type":"ListItem","position":3,"name":"Salzbl\u00fcten bunt 50g Beutel"}]},{"@type":"WebSite","@id":"https:\/\/www.starcatering.at\/shop\/#website","url":"https:\/\/www.starcatering.at\/shop\/","name":"Carnuntum Foods","description":"Abverkaufsartikel","publisher":{"@id":"https:\/\/www.starcatering.at\/shop\/#organization"},"potentialAction":[{"@type":"SearchAction","target":{"@type":"EntryPoint","urlTemplate":"https:\/\/www.starcatering.at\/shop\/?s={search_term_string}"},"query-input":{"@type":"PropertyValueSpecification","valueRequired":true,"valueName":"search_term_string"}}],"inLanguage":"de"},{"@type":"Organization","@id":"https:\/\/www.starcatering.at\/shop\/#organization","name":"Carnuntumfoods","url":"https:\/\/www.starcatering.at\/shop\/","logo":{"@type":"ImageObject","inLanguage":"de","@id":"https:\/\/www.starcatering.at\/shop\/#\/schema\/logo\/image\/","url":"https:\/\/www.starcatering.at\/shop\/wp-content\/uploads\/2021\/08\/cropped-logo.png","contentUrl":"https:\/\/www.starcatering.at\/shop\/wp-content\/uploads\/2021\/08\/cropped-logo.png","width":512,"height":512,"caption":"Carnuntumfoods"},"image":{"@id":"https:\/\/www.starcatering.at\/shop\/#\/schema\/logo\/image\/"}}]}},"_links":{"self":[{"href":"https:\/\/www.starcatering.at\/shop\/wp-json\/wp\/v2\/product\/9842","targetHints":{"allow":["GET"]}}],"collection":[{"href":"https:\/\/www.starcatering.at\/shop\/wp-json\/wp\/v2\/product"}],"about":[{"href":"https:\/\/www.starcatering.at\/shop\/wp-json\/wp\/v2\/types\/product"}],"replies":[{"embeddable":true,"href":"https:\/\/www.starcatering.at\/shop\/wp-json\/wp\/v2\/comments?post=9842"}],"wp:featuredmedia":[{"embeddable":true,"href":"https:\/\/www.starcatering.at\/shop\/wp-json\/wp\/v2\/media\/11062"}],"wp:attachment":[{"href":"https:\/\/www.starcatering.at\/shop\/wp-json\/wp\/v2\/media?parent=9842"}],"wp:term":[{"taxonomy":"product_brand","embeddable":true,"href":"https:\/\/www.starcatering.at\/shop\/wp-json\/wp\/v2\/product_brand?post=9842"},{"taxonomy":"product_cat","embeddable":true,"href":"https:\/\/www.starcatering.at\/shop\/wp-json\/wp\/v2\/product_cat?post=9842"},{"taxonomy":"product_tag","embeddable":true,"href":"https:\/\/www.starcatering.at\/shop\/wp-json\/wp\/v2\/product_tag?post=9842"}],"curies":[{"name":"wp","href":"https:\/\/api.w.org\/{rel}","templated":true}]}}