{"id":9900,"date":"2023-05-07T13:51:45","date_gmt":"2023-05-07T11:51:45","guid":{"rendered":"https:\/\/www.starcatering.at\/shop\/?post_type=product&#038;p=9900"},"modified":"2024-07-07T00:50:12","modified_gmt":"2024-07-06T22:50:12","slug":"liebstoeckel-getrocknet-bio-10g-beutel","status":"publish","type":"product","link":"https:\/\/www.starcatering.at\/shop\/produkt\/liebstoeckel-getrocknet-bio-10g-beutel\/","title":{"rendered":"Liebst\u00f6ckel getrocknet Bio 10g Beutel"},"content":{"rendered":"<p>Bio Liebst\u00f6ckel getrocknet\u00a0ist auch als Maggikraut bekannt, hat ein w\u00fcrzig-aromatisches Aroma und duftet intensiv nach Suppengr\u00fcn. Optisch erinnert er sehr an die Bl\u00e4tter des Staudenselleries. Eine Messerspitze reicht, um das volle Aroma beim Kochen frei zu setzen. Liebst\u00f6ckel ist bekannt als klassisches Suppenkraut. Der Bio Liebst\u00f6ckel geschnitten passt sehr gut in Eint\u00f6pfe mit Wurzelgem\u00fcse, zu Gem\u00fcsegerichten, Salaten, Gem\u00fcsesuppen wie Kartoffel- und K\u00fcrbissuppen, H\u00fclsenfr\u00fcchten, So\u00dfen, Fleisch, Fisch, Kr\u00e4uterbutter, und zum Spiegelei.<\/p>\n","protected":false},"excerpt":{"rendered":"<ul>\n<li>Bio-Liebst\u00f6ckel getrocknet<\/li>\n<li>Eigenanbau StarCatering<\/li>\n<li>10 g Beutel<\/li>\n<\/ul>\n","protected":false},"featured_media":9901,"comment_status":"open","ping_status":"closed","template":"","meta":{"_et_pb_use_builder":"","_et_pb_old_content":"","_et_gb_content_width":""},"product_brand":[],"product_cat":[1514],"product_tag":[60,146,71,65,126],"class_list":{"0":"post-9900","1":"product","2":"type-product","3":"status-publish","4":"has-post-thumbnail","6":"product_cat-gewuerze","7":"product_tag-bio","8":"product_tag-getrocknet","9":"product_tag-gewuerz","10":"product_tag-kraeuter","11":"product_tag-liebstoeckel","13":"first","14":"instock","15":"taxable","16":"shipping-taxable","17":"purchasable","18":"product-type-simple"},"yoast_head":"<!-- This site is optimized with the Yoast SEO plugin v27.5 - https:\/\/yoast.com\/product\/yoast-seo-wordpress\/ -->\n<title>Liebst\u00f6ckel getrocknet Bio 10g Beutel &#187; StarCatering %-Shop<\/title>\n<meta name=\"description\" content=\"Liebst\u00f6ckel getrocknet Bio 10g Beutel\" \/>\n<meta name=\"robots\" content=\"index, follow, max-snippet:-1, max-image-preview:large, max-video-preview:-1\" \/>\n<link rel=\"canonical\" href=\"https:\/\/www.starcatering.at\/shop\/produkt\/liebstoeckel-getrocknet-bio-10g-beutel\/\" \/>\n<meta property=\"og:locale\" content=\"de_DE\" \/>\n<meta property=\"og:type\" content=\"article\" \/>\n<meta property=\"og:title\" content=\"Liebst\u00f6ckel getrocknet Bio 10g Beutel &#187; StarCatering %-Shop\" \/>\n<meta property=\"og:description\" content=\"Liebst\u00f6ckel getrocknet Bio 10g Beutel\" \/>\n<meta property=\"og:url\" content=\"https:\/\/www.starcatering.at\/shop\/produkt\/liebstoeckel-getrocknet-bio-10g-beutel\/\" \/>\n<meta property=\"og:site_name\" content=\"StarCatering %-Shop\" \/>\n<meta property=\"article:modified_time\" content=\"2024-07-06T22:50:12+00:00\" \/>\n<meta property=\"og:image\" content=\"https:\/\/www.starcatering.at\/shop\/wp-content\/uploads\/2023\/05\/Liebstoeckel-getrocknet.jpg\" \/>\n\t<meta property=\"og:image:width\" content=\"500\" \/>\n\t<meta property=\"og:image:height\" content=\"500\" \/>\n\t<meta property=\"og:image:type\" content=\"image\/jpeg\" \/>\n<meta name=\"twitter:card\" content=\"summary_large_image\" \/>\n<meta name=\"twitter:label1\" content=\"Gesch\u00e4tzte Lesezeit\" \/>\n\t<meta name=\"twitter:data1\" content=\"1\u00a0Minute\" \/>\n<script type=\"application\/ld+json\" class=\"yoast-schema-graph\">{\"@context\":\"https:\\\/\\\/schema.org\",\"@graph\":[{\"@type\":\"WebPage\",\"@id\":\"https:\\\/\\\/www.starcatering.at\\\/shop\\\/produkt\\\/liebstoeckel-getrocknet-bio-10g-beutel\\\/\",\"url\":\"https:\\\/\\\/www.starcatering.at\\\/shop\\\/produkt\\\/liebstoeckel-getrocknet-bio-10g-beutel\\\/\",\"name\":\"Liebst\u00f6ckel getrocknet Bio 10g Beutel &#187; StarCatering %-Shop\",\"isPartOf\":{\"@id\":\"https:\\\/\\\/www.starcatering.at\\\/shop\\\/#website\"},\"primaryImageOfPage\":{\"@id\":\"https:\\\/\\\/www.starcatering.at\\\/shop\\\/produkt\\\/liebstoeckel-getrocknet-bio-10g-beutel\\\/#primaryimage\"},\"image\":{\"@id\":\"https:\\\/\\\/www.starcatering.at\\\/shop\\\/produkt\\\/liebstoeckel-getrocknet-bio-10g-beutel\\\/#primaryimage\"},\"thumbnailUrl\":\"https:\\\/\\\/www.starcatering.at\\\/shop\\\/wp-content\\\/uploads\\\/2023\\\/05\\\/Liebstoeckel-getrocknet.jpg\",\"datePublished\":\"2023-05-07T11:51:45+00:00\",\"dateModified\":\"2024-07-06T22:50:12+00:00\",\"description\":\"Liebst\u00f6ckel getrocknet Bio 10g Beutel\",\"breadcrumb\":{\"@id\":\"https:\\\/\\\/www.starcatering.at\\\/shop\\\/produkt\\\/liebstoeckel-getrocknet-bio-10g-beutel\\\/#breadcrumb\"},\"inLanguage\":\"de\",\"potentialAction\":[{\"@type\":\"ReadAction\",\"target\":[\"https:\\\/\\\/www.starcatering.at\\\/shop\\\/produkt\\\/liebstoeckel-getrocknet-bio-10g-beutel\\\/\"]}]},{\"@type\":\"ImageObject\",\"inLanguage\":\"de\",\"@id\":\"https:\\\/\\\/www.starcatering.at\\\/shop\\\/produkt\\\/liebstoeckel-getrocknet-bio-10g-beutel\\\/#primaryimage\",\"url\":\"https:\\\/\\\/www.starcatering.at\\\/shop\\\/wp-content\\\/uploads\\\/2023\\\/05\\\/Liebstoeckel-getrocknet.jpg\",\"contentUrl\":\"https:\\\/\\\/www.starcatering.at\\\/shop\\\/wp-content\\\/uploads\\\/2023\\\/05\\\/Liebstoeckel-getrocknet.jpg\",\"width\":500,\"height\":500},{\"@type\":\"BreadcrumbList\",\"@id\":\"https:\\\/\\\/www.starcatering.at\\\/shop\\\/produkt\\\/liebstoeckel-getrocknet-bio-10g-beutel\\\/#breadcrumb\",\"itemListElement\":[{\"@type\":\"ListItem\",\"position\":1,\"name\":\"Startseite\",\"item\":\"https:\\\/\\\/www.starcatering.at\\\/shop\\\/\"},{\"@type\":\"ListItem\",\"position\":2,\"name\":\"Shop\",\"item\":\"https:\\\/\\\/www.starcatering.at\\\/shop\\\/shop\\\/\"},{\"@type\":\"ListItem\",\"position\":3,\"name\":\"Liebst\u00f6ckel getrocknet Bio 10g Beutel\"}]},{\"@type\":\"WebSite\",\"@id\":\"https:\\\/\\\/www.starcatering.at\\\/shop\\\/#website\",\"url\":\"https:\\\/\\\/www.starcatering.at\\\/shop\\\/\",\"name\":\"Carnuntum Foods\",\"description\":\"Abverkaufsartikel\",\"publisher\":{\"@id\":\"https:\\\/\\\/www.starcatering.at\\\/shop\\\/#organization\"},\"potentialAction\":[{\"@type\":\"SearchAction\",\"target\":{\"@type\":\"EntryPoint\",\"urlTemplate\":\"https:\\\/\\\/www.starcatering.at\\\/shop\\\/?s={search_term_string}\"},\"query-input\":{\"@type\":\"PropertyValueSpecification\",\"valueRequired\":true,\"valueName\":\"search_term_string\"}}],\"inLanguage\":\"de\"},{\"@type\":\"Organization\",\"@id\":\"https:\\\/\\\/www.starcatering.at\\\/shop\\\/#organization\",\"name\":\"Carnuntumfoods\",\"url\":\"https:\\\/\\\/www.starcatering.at\\\/shop\\\/\",\"logo\":{\"@type\":\"ImageObject\",\"inLanguage\":\"de\",\"@id\":\"https:\\\/\\\/www.starcatering.at\\\/shop\\\/#\\\/schema\\\/logo\\\/image\\\/\",\"url\":\"https:\\\/\\\/www.starcatering.at\\\/shop\\\/wp-content\\\/uploads\\\/2021\\\/08\\\/cropped-logo.png\",\"contentUrl\":\"https:\\\/\\\/www.starcatering.at\\\/shop\\\/wp-content\\\/uploads\\\/2021\\\/08\\\/cropped-logo.png\",\"width\":512,\"height\":512,\"caption\":\"Carnuntumfoods\"},\"image\":{\"@id\":\"https:\\\/\\\/www.starcatering.at\\\/shop\\\/#\\\/schema\\\/logo\\\/image\\\/\"}}]}<\/script>\n<!-- \/ Yoast SEO plugin. -->","yoast_head_json":{"title":"Liebst\u00f6ckel getrocknet Bio 10g Beutel &#187; StarCatering %-Shop","description":"Liebst\u00f6ckel getrocknet Bio 10g Beutel","robots":{"index":"index","follow":"follow","max-snippet":"max-snippet:-1","max-image-preview":"max-image-preview:large","max-video-preview":"max-video-preview:-1"},"canonical":"https:\/\/www.starcatering.at\/shop\/produkt\/liebstoeckel-getrocknet-bio-10g-beutel\/","og_locale":"de_DE","og_type":"article","og_title":"Liebst\u00f6ckel getrocknet Bio 10g Beutel &#187; StarCatering %-Shop","og_description":"Liebst\u00f6ckel getrocknet Bio 10g Beutel","og_url":"https:\/\/www.starcatering.at\/shop\/produkt\/liebstoeckel-getrocknet-bio-10g-beutel\/","og_site_name":"StarCatering %-Shop","article_modified_time":"2024-07-06T22:50:12+00:00","og_image":[{"width":500,"height":500,"url":"https:\/\/www.starcatering.at\/shop\/wp-content\/uploads\/2023\/05\/Liebstoeckel-getrocknet.jpg","type":"image\/jpeg"}],"twitter_card":"summary_large_image","twitter_misc":{"Gesch\u00e4tzte Lesezeit":"1\u00a0Minute"},"schema":{"@context":"https:\/\/schema.org","@graph":[{"@type":"WebPage","@id":"https:\/\/www.starcatering.at\/shop\/produkt\/liebstoeckel-getrocknet-bio-10g-beutel\/","url":"https:\/\/www.starcatering.at\/shop\/produkt\/liebstoeckel-getrocknet-bio-10g-beutel\/","name":"Liebst\u00f6ckel getrocknet Bio 10g Beutel &#187; StarCatering %-Shop","isPartOf":{"@id":"https:\/\/www.starcatering.at\/shop\/#website"},"primaryImageOfPage":{"@id":"https:\/\/www.starcatering.at\/shop\/produkt\/liebstoeckel-getrocknet-bio-10g-beutel\/#primaryimage"},"image":{"@id":"https:\/\/www.starcatering.at\/shop\/produkt\/liebstoeckel-getrocknet-bio-10g-beutel\/#primaryimage"},"thumbnailUrl":"https:\/\/www.starcatering.at\/shop\/wp-content\/uploads\/2023\/05\/Liebstoeckel-getrocknet.jpg","datePublished":"2023-05-07T11:51:45+00:00","dateModified":"2024-07-06T22:50:12+00:00","description":"Liebst\u00f6ckel getrocknet Bio 10g Beutel","breadcrumb":{"@id":"https:\/\/www.starcatering.at\/shop\/produkt\/liebstoeckel-getrocknet-bio-10g-beutel\/#breadcrumb"},"inLanguage":"de","potentialAction":[{"@type":"ReadAction","target":["https:\/\/www.starcatering.at\/shop\/produkt\/liebstoeckel-getrocknet-bio-10g-beutel\/"]}]},{"@type":"ImageObject","inLanguage":"de","@id":"https:\/\/www.starcatering.at\/shop\/produkt\/liebstoeckel-getrocknet-bio-10g-beutel\/#primaryimage","url":"https:\/\/www.starcatering.at\/shop\/wp-content\/uploads\/2023\/05\/Liebstoeckel-getrocknet.jpg","contentUrl":"https:\/\/www.starcatering.at\/shop\/wp-content\/uploads\/2023\/05\/Liebstoeckel-getrocknet.jpg","width":500,"height":500},{"@type":"BreadcrumbList","@id":"https:\/\/www.starcatering.at\/shop\/produkt\/liebstoeckel-getrocknet-bio-10g-beutel\/#breadcrumb","itemListElement":[{"@type":"ListItem","position":1,"name":"Startseite","item":"https:\/\/www.starcatering.at\/shop\/"},{"@type":"ListItem","position":2,"name":"Shop","item":"https:\/\/www.starcatering.at\/shop\/shop\/"},{"@type":"ListItem","position":3,"name":"Liebst\u00f6ckel getrocknet Bio 10g Beutel"}]},{"@type":"WebSite","@id":"https:\/\/www.starcatering.at\/shop\/#website","url":"https:\/\/www.starcatering.at\/shop\/","name":"Carnuntum Foods","description":"Abverkaufsartikel","publisher":{"@id":"https:\/\/www.starcatering.at\/shop\/#organization"},"potentialAction":[{"@type":"SearchAction","target":{"@type":"EntryPoint","urlTemplate":"https:\/\/www.starcatering.at\/shop\/?s={search_term_string}"},"query-input":{"@type":"PropertyValueSpecification","valueRequired":true,"valueName":"search_term_string"}}],"inLanguage":"de"},{"@type":"Organization","@id":"https:\/\/www.starcatering.at\/shop\/#organization","name":"Carnuntumfoods","url":"https:\/\/www.starcatering.at\/shop\/","logo":{"@type":"ImageObject","inLanguage":"de","@id":"https:\/\/www.starcatering.at\/shop\/#\/schema\/logo\/image\/","url":"https:\/\/www.starcatering.at\/shop\/wp-content\/uploads\/2021\/08\/cropped-logo.png","contentUrl":"https:\/\/www.starcatering.at\/shop\/wp-content\/uploads\/2021\/08\/cropped-logo.png","width":512,"height":512,"caption":"Carnuntumfoods"},"image":{"@id":"https:\/\/www.starcatering.at\/shop\/#\/schema\/logo\/image\/"}}]}},"_links":{"self":[{"href":"https:\/\/www.starcatering.at\/shop\/wp-json\/wp\/v2\/product\/9900","targetHints":{"allow":["GET"]}}],"collection":[{"href":"https:\/\/www.starcatering.at\/shop\/wp-json\/wp\/v2\/product"}],"about":[{"href":"https:\/\/www.starcatering.at\/shop\/wp-json\/wp\/v2\/types\/product"}],"replies":[{"embeddable":true,"href":"https:\/\/www.starcatering.at\/shop\/wp-json\/wp\/v2\/comments?post=9900"}],"wp:featuredmedia":[{"embeddable":true,"href":"https:\/\/www.starcatering.at\/shop\/wp-json\/wp\/v2\/media\/9901"}],"wp:attachment":[{"href":"https:\/\/www.starcatering.at\/shop\/wp-json\/wp\/v2\/media?parent=9900"}],"wp:term":[{"taxonomy":"product_brand","embeddable":true,"href":"https:\/\/www.starcatering.at\/shop\/wp-json\/wp\/v2\/product_brand?post=9900"},{"taxonomy":"product_cat","embeddable":true,"href":"https:\/\/www.starcatering.at\/shop\/wp-json\/wp\/v2\/product_cat?post=9900"},{"taxonomy":"product_tag","embeddable":true,"href":"https:\/\/www.starcatering.at\/shop\/wp-json\/wp\/v2\/product_tag?post=9900"}],"curies":[{"name":"wp","href":"https:\/\/api.w.org\/{rel}","templated":true}]}}